{"id":1003,"date":"2010-07-23T11:55:52","date_gmt":"2010-07-23T04:55:52","guid":{"rendered":"http:\/\/phuket-languageschool.com\/"},"modified":"2026-01-22T08:26:15","modified_gmt":"2026-01-22T01:26:15","slug":"deutsch","status":"publish","type":"page","link":"https:\/\/www.phuket-languageschool.com\/de\/programme\/deutsch\/","title":{"rendered":"Deutsch"},"content":{"rendered":"\n<div class=\"wp-block-cover is-light has-parallax\"><div class=\"wp-block-cover__image-background wp-image-14654 has-parallax\" style=\"background-position:50% 50%;background-image:url(https:\/\/www.phuket-languageschool.com\/anti\/wp-content\/uploads\/2022\/04\/brandenburg_gate.webp)\"><\/div><span aria-hidden=\"true\" class=\"wp-block-cover__background has-background-dim-0 has-background-dim\"><\/span><div class=\"wp-block-cover__inner-container is-layout-flow wp-block-cover-is-layout-flow\">\n<h1 class=\"wp-block-heading has-text-align-center has-nv-text-dark-bg-color has-text-color\" id=\"unser-deutschunterricht\">Unser Deutschunterricht<\/h1>\n<\/div><\/div>\n\n\n\n<div class=\"wp-block-columns is-layout-flex wp-container-core-columns-is-layout-9d6595d7 wp-block-columns-is-layout-flex\">\n<div class=\"wp-block-column is-layout-flow wp-block-column-is-layout-flow\">\n<div style=\"height:10px\" aria-hidden=\"true\" class=\"wp-block-spacer\"><\/div>\n\n\n\n<h3 class=\"wp-block-heading has-text-align-center\" id=\"deutsch-a1-kurs\">Deutsch A1 Kurs<\/h3>\n\n\n\n<h4 class=\"wp-block-heading has-text-align-center\" id=\"33-500-baht\">39,500 Baht<\/h4>\n\n\n\n<p class=\"has-text-align-center\">Gruppe \u2013 Anf\u00e4nger<br>20 Stunden pro Woche<br>Start Deutsch 1 Testvorbereitung<br>12 Wochen<\/p>\n\n\n\n<div class=\"wp-block-buttons is-content-justification-center is-layout-flex wp-container-core-buttons-is-layout-16018d1d wp-block-buttons-is-layout-flex\">\n<div class=\"wp-block-button is-style-outline is-style-outline--1\"><a class=\"wp-block-button__link has-text-align-center wp-element-button\" href=\"#DeutschA1\" style=\"border-radius:15px\">Weiterlesen<\/a><\/div>\n<\/div>\n<\/div>\n\n\n\n<div class=\"wp-block-column is-layout-flow wp-block-column-is-layout-flow\">\n<div style=\"height:10px\" aria-hidden=\"true\" class=\"wp-block-spacer\"><\/div>\n\n\n\n<h3 class=\"wp-block-heading has-text-align-center\" id=\"einzelunterricht\">Einzelunterricht<\/h3>\n\n\n\n<h4 class=\"wp-block-heading has-text-align-center\" id=\"575-baht\">750 Baht<\/h4>\n\n\n\n<p class=\"has-text-align-center\">Einzelunterricht<br>Alleine<br>Anf\u00e4nger bis Fortgeschrittene<br>Minimum 3 Stunden pro Woche<br>Nach Wunsch<\/p>\n\n\n\n<div class=\"wp-block-buttons is-content-justification-center is-layout-flex wp-container-core-buttons-is-layout-16018d1d wp-block-buttons-is-layout-flex\">\n<div class=\"wp-block-button is-style-outline is-style-outline--2\"><a class=\"wp-block-button__link wp-element-button\" href=\"#Private\" style=\"border-radius:15px\">Weiterlesen<\/a><\/div>\n<\/div>\n<\/div>\n<\/div>\n\n\n\n<div class=\"wp-block-columns are-vertically-aligned-center has-button-color-color has-neve-link-color-background-color has-text-color has-background is-layout-flex wp-container-core-columns-is-layout-9d6595d7 wp-block-columns-is-layout-flex\" id=\"DeutschA1\">\n<div class=\"wp-block-column is-vertically-aligned-center is-layout-flow wp-block-column-is-layout-flow\" style=\"flex-basis:66.66%\">\n<h2 class=\"wp-block-heading has-nv-text-dark-bg-color has-text-color\" id=\"deutsch-a1-kurs-gruppenunterricht\">Deutsch A1 Kurs Gruppenunterricht<\/h2>\n\n\n\n<h3 class=\"wp-block-heading has-nv-text-dark-bg-color has-text-color\" id=\"deutsch-a1-kurs-gruppenunterricht\">4 Stunden pro Tag \u2013 5 Tage pro Woche \u2013 12 Wochen Kursdauer<\/h3>\n<\/div>\n\n\n\n<div class=\"wp-block-column is-vertically-aligned-center is-layout-flow wp-block-column-is-layout-flow\" style=\"flex-basis:33.33%\">\n<div style=\"height:15px\" aria-hidden=\"true\" class=\"wp-block-spacer\"><\/div>\n\n\n\n<div class=\"wp-block-buttons is-content-justification-center is-layout-flex wp-container-core-buttons-is-layout-16018d1d wp-block-buttons-is-layout-flex\">\n<div class=\"wp-block-button\"><a class=\"wp-block-button__link has-neve-link-hover-color-color has-nv-site-bg-background-color has-text-color has-background has-link-color has-small-font-size has-custom-font-size wp-element-button\" href=\"https:\/\/www.phuket-languageschool.com\/de\/kontakt\/anmeldeformular\/\">book now<\/a><\/div>\n<\/div>\n<\/div>\n<\/div>\n\n\n\n<div class=\"wp-block-columns has-background is-layout-flex wp-container-core-columns-is-layout-9d6595d7 wp-block-columns-is-layout-flex\" style=\"background-color:#17a754\">\n<div class=\"wp-block-column is-layout-flow wp-block-column-is-layout-flow\" style=\"flex-basis:25%\"><\/div>\n\n\n\n<div class=\"wp-block-column is-layout-flow wp-block-column-is-layout-flow\" style=\"flex-basis:50%\">\n<h3 class=\"wp-block-heading has-text-align-center has-nv-dark-bg-color has-text-color\" id=\"rabatt-fur-fruhbucher-29-900-baht-fur-unseren-beliebten-a1-deutschkurs-wenn-sie-den-gesamten-kurspreis-bis-mindestens-drei-wochen-vor-kursbeginn-bezahlen-sie-sparen-3600-baht\"><strong>Rabatt f\u00fcr Fr\u00fchbucher!<\/strong> 34.900 Baht f\u00fcr unseren beliebten A1 Deutschkurs, wenn Sie den gesamten Kurspreis bis mindestens drei Wochen vor Kursbeginn bezahlen. Sie sparen 4600 Baht!<\/h3>\n<\/div>\n\n\n\n<div class=\"wp-block-column is-layout-flow wp-block-column-is-layout-flow\" style=\"flex-basis:25%\"><\/div>\n<\/div>\n\n\n\n<div class=\"wp-block-columns is-layout-flex wp-container-core-columns-is-layout-9d6595d7 wp-block-columns-is-layout-flex\">\n<div class=\"wp-block-column is-layout-flow wp-block-column-is-layout-flow\">\n<h3 class=\"wp-block-heading\" id=\"auf-welcher-stufe-beginnt-der-a1-kurs\">Auf welcher Stufe beginnt der A1 Kurs?<\/h3>\n\n\n\n<p>Dieser Kurs ist auf Anf\u00e4nger zugeschnitten. Hier lernen die Sch\u00fcler alles Notwendige zum Bestehen des A1-Tests, welcher zur Beantragung eines Heiratsvisums erforderlich ist.<\/p>\n\n\n\n<h3 class=\"wp-block-heading\" id=\"kann-jeder-am-kurs-teilnehmen\">Kann jeder am Kurs teilnehmen?<\/h3>\n\n\n\n<p>Jeder Sch\u00fcler muss gute Kenntnisse des lateinischen Alphabets besitzen. Sollten Sie sich diesbez\u00fcglich unsicher sein, k\u00f6nnen Sie uns gerne zu einem kostenlosen Test und Gespr\u00e4ch in unserer Schule besuchen.<\/p>\n\n\n\n<h3 class=\"wp-block-heading\" id=\"wie-viele-schuler-sind-in-einer-klasse\">Wie viele Sch\u00fcler sind in einer Klasse?<\/h3>\n\n\n\n<p>Wir beschr\u00e4nken die Klasse auf zw\u00f6lf Sch\u00fcler, um eine gute Betreuung zu gew\u00e4hrleisten.<\/p>\n\n\n\n<h3 class=\"wp-block-heading\" id=\"wie-lange-dauert-der-kurs\">Wie lange dauert der Kurs?<\/h3>\n\n\n\n<p>Der Kurs umfasst 180+60 Stunden und dauert 12 Wochen. Unterricht ist von Montag bis Freitag, 3+1 Stunden am Tag. Eine Unterrichtsstunde dauert 50 Minuten.<\/p>\n\n\n\n<h3 class=\"wp-block-heading\" id=\"was-bedeutet-1-stunde\">Was bedeutet +1 Stunde?<\/h3>\n\n\n\n<p>Nach jedem Unterrichtsblock von drei Stunden gibt es eine \u00dcbungsstundestunde, in welcher die Sch\u00fcler gemeinsam ihre Hausaufgaben erledigen k\u00f6nnen.<\/p>\n\n\n\n<h3 class=\"wp-block-heading\" id=\"was-fur-unterrichtsmaterial-wird-benutzt\">Was f\u00fcr Unterrichtsmaterial wird benutzt?<\/h3>\n\n\n\n<p>Wir benutzen unser Patong Language School A1-Buch, welches ein Zusammenschnitt aus verschiedenen A1-Tests ist. Das Buch ist klar strukturiert, enth\u00e4lt Grammatikhinweise und zahlreiche Beispiele zum H\u00f6ren, Sprechen, Lesen und Schreiben.<\/p>\n\n\n\n<h3 class=\"wp-block-heading\" id=\"was-kostet-der-kurs\">Was kostet der Kurs?<\/h3>\n\n\n\n<p>39.500 Baht f\u00fcr 240 Stunden und Unterrichtsmaterial.<\/p>\n<\/div>\n\n\n\n<div class=\"wp-block-column is-layout-flow wp-block-column-is-layout-flow\">\n<h3 class=\"wp-block-heading\" id=\"ist-es-moglich-in-einen-laufenden-kurs-einzusteigen\">Ist es m\u00f6glich in einen laufenden Kurs einzusteigen?<\/h3>\n\n\n\n<p>Ja! Der Lehrer muss sich aber in einem kurzen Gespr\u00e4ch mit dem Sch\u00fcler versichern, dass ein gen\u00fcgendes Vorwissen besteht.<\/p>\n\n\n\n<h3 class=\"wp-block-heading\" id=\"muss-man-in-diesem-fall-den-gesamten-preis-bezahlen\">Muss man in diesem Fall den gesamten Preis bezahlen?<\/h3>\n\n\n\n<p>Nein! Wir ziehen dann die Stunden vom Gesamtpreis ab, welche nicht in Anspruch genommen wurden.<\/p>\n\n\n\n<h3 class=\"wp-block-heading\" id=\"was-passiert-wenn-ich-nicht-am-unterricht-teilnehmen-kann\">Was passiert, wenn ich nicht am Unterricht teilnehmen kann?<\/h3>\n\n\n\n<p>Sie sollten immer versuchen am Unterricht teilzunehmen, Vers\u00e4umter Unterricht kann nicht zur\u00fcckerstattet werden.<\/p>\n\n\n\n<h3 class=\"wp-block-heading\" id=\"was-passiert-wenn-ich-den-test-nicht-bestehe\">Was passiert, wenn ich den Test nicht bestehe?<\/h3>\n\n\n\n<p>Dann wiederholen Sie unseren Kurs kostenlos. Dieses Angebot gilt nur bei regelm\u00e4\u00dfiger Unterrichtsteilnahme (drei Fehltage sind erlaubt) und dem Vorhandensein freier Pl\u00e4tze.<\/p>\n\n\n\n<h3 class=\"wp-block-heading\" id=\"was-passiert-wenn-ich-den-kurs-wiederholen-mochte\">Was passiert, wenn ich den Kurs wiederholen m\u00f6chte?<\/h3>\n\n\n\n<p>Es ist m\u00f6glich eine H\u00e4lfte oder den ganzen Kurs zu wiederholen. Hierf\u00fcr erhalten Sie einen Preisnachlass von 30%<\/p>\n\n\n\n<h3 class=\"wp-block-heading\" id=\"wann-beginnen-die-kurse\">Wann beginnen die Kurse?<\/h3>\n\n\n\n<p>Unser n\u00e4chster Kurs beginnt in sechs Wochen.<\/p>\n\n\n\n<h3 class=\"wp-block-heading\" id=\"die-termine-der-nachsten-kurse-sind\">Die Termine der n\u00e4chsten Kurse sind:<\/h3>\n\n\n\n<div class=\"wp-block-columns is-layout-flex wp-container-core-columns-is-layout-9d6595d7 wp-block-columns-is-layout-flex\">\n<div class=\"wp-block-column is-layout-flow wp-block-column-is-layout-flow\">\n<iframe loading=\"lazy\" src=\"https:\/\/docs.google.com\/spreadsheets\/d\/1FABUl4_kcCbsGJ6VL--oPmqYF38OmoybQ4QkNGVFNbw\/pubhtml\/sheet?headers=false&amp;gid=0&amp;range=f4:f7\" width=\"175\" height=\"80\" frameborder=\"0\"><\/iframe>\n<\/div>\n\n\n\n<div class=\"wp-block-column is-layout-flow wp-block-column-is-layout-flow\">\n<iframe loading=\"lazy\" src=\"https:\/\/docs.google.com\/spreadsheets\/d\/1FABUl4_kcCbsGJ6VL--oPmqYF38OmoybQ4QkNGVFNbw\/pubhtml\/sheet?headers=false&amp;gid=0&amp;range=f8:f11\" width=\"175\" height=\"80\" frameborder=\"0\"><\/iframe>\n<\/div>\n\n\n\n<div class=\"wp-block-column is-layout-flow wp-block-column-is-layout-flow\">\n<iframe loading=\"lazy\" src=\"https:\/\/docs.google.com\/spreadsheets\/d\/1FABUl4_kcCbsGJ6VL--oPmqYF38OmoybQ4QkNGVFNbw\/pubhtml\/sheet?headers=false&amp;gid=0&amp;range=f12:f15\" width=\"175\" height=\"80\" frameborder=\"0\"><\/iframe>\n<\/div>\n<\/div>\n<\/div>\n<\/div>\n\n\n\n<div class=\"wp-block-columns are-vertically-aligned-center has-button-color-color has-neve-link-color-background-color has-text-color has-background is-layout-flex wp-container-core-columns-is-layout-9d6595d7 wp-block-columns-is-layout-flex\" id=\"Private\">\n<div class=\"wp-block-column is-vertically-aligned-center is-layout-flow wp-block-column-is-layout-flow\" style=\"flex-basis:66.66%\">\n<h2 class=\"wp-block-heading has-nv-text-dark-bg-color has-text-color\" id=\"deutsch-a1-kurs-gruppenunterricht\">Deutsch Einzelunterricht<\/h2>\n\n\n\n<h3 class=\"wp-block-heading has-nv-text-dark-bg-color has-text-color\" id=\"deutsch-a1-kurs-gruppenunterricht\">1 oder 2 Klassen pro Tag \u2013 3 oder 5 Tage pro Woche<\/h3>\n<\/div>\n\n\n\n<div class=\"wp-block-column is-vertically-aligned-center is-layout-flow wp-block-column-is-layout-flow\" style=\"flex-basis:33.33%\">\n<div style=\"height:15px\" aria-hidden=\"true\" class=\"wp-block-spacer\"><\/div>\n\n\n\n<div class=\"wp-block-buttons is-content-justification-center is-layout-flex wp-container-core-buttons-is-layout-16018d1d wp-block-buttons-is-layout-flex\">\n<div class=\"wp-block-button\"><a class=\"wp-block-button__link has-neve-link-hover-color-color has-nv-site-bg-background-color has-text-color has-background has-link-color has-small-font-size has-custom-font-size wp-element-button\" href=\"https:\/\/www.phuket-languageschool.com\/de\/kontakt\/anmeldeformular\/\">book now<\/a><\/div>\n<\/div>\n<\/div>\n<\/div>\n\n\n\n<div class=\"wp-block-columns is-layout-flex wp-container-core-columns-is-layout-9d6595d7 wp-block-columns-is-layout-flex\">\n<div class=\"wp-block-column is-layout-flow wp-block-column-is-layout-flow\">\n<h3 class=\"wp-block-heading\" id=\"wie-viele-schuler-sind-in-einer-klasse-1\">Wie viele Sch\u00fcler sind in einer Klasse?<\/h3>\n\n\n\n<p>Im Einzelunterricht werden Sch\u00fcler einzeln vom Lehrer Unterrichtet.<\/p>\n\n\n\n<p>(Es k\u00f6nnen auch zwei oder mehr Personen diesen individuellen Unterricht buchen. Die Kosten betragen dann 475 Baht pro Stunde, pro Person.)<\/p>\n\n\n\n<h3 class=\"wp-block-heading\" id=\"wann-ist-unterricht\">Wann ist Unterricht?<\/h3>\n\n\n\n<p>Die Unterrichtszeit kann je nach Verf\u00fcgbarkeit des Lehrers frei gew\u00e4hlt werden. Unterrichtet wird von Montag bis Freitag.<\/p>\n\n\n\n<p>Eine Unterrichtsstunde dauert 50 Minuten. Wir empfehlen nicht mehr als zwei Stunden pro Tag.<\/p>\n<\/div>\n\n\n\n<div class=\"wp-block-column is-layout-flow wp-block-column-is-layout-flow\">\n<h3 class=\"wp-block-heading\" id=\"was-fur-unterrichtsmaterial-wird-benutzt-1\">Was f\u00fcr Unterrichtsmaterial wird benutzt?<\/h3>\n\n\n\n<p>Wir haben eine breite Auswahl an Material und w\u00e4hlen es dann nach den Bed\u00fcrfnissen der Sch\u00fcler aus.<\/p>\n\n\n\n<h3 class=\"wp-block-heading\" id=\"was-kostet-einzelunterricht\">Was kostet Einzelunterricht?<\/h3>\n\n\n\n<p>20 Stunden mit einem Muttersprachler kosten 15.000 Baht. Bei einer Unterrichtsstunde am Tag dauert der Kurs vier Wochen. Sie k\u00f6nnen auch einzelne Stunden zum Preis von 750 Baht kaufen. Das Unterrichtstempo liegt selbstverst\u00e4ndlich bei Ihnen.<\/p>\n<\/div>\n<\/div>\n","protected":false},"excerpt":{"rendered":"<p>Deutsch A1 Kurs 39,500 Baht Gruppe \u2013 Anf\u00e4nger20 Stunden pro WocheStart Deutsch 1 Testvorbereitung12 Wochen Einzelunterricht 750 Baht EinzelunterrichtAlleineAnf\u00e4nger bis FortgeschritteneMinimum 3 Stunden pro WocheNach Wunsch Deutsch A1 Kurs Gruppenunterricht 4 Stunden pro Tag \u2013 5 Tage pro Woche \u2013 12 Wochen Kursdauer Rabatt f\u00fcr Fr\u00fchbucher! 34.900 Baht f\u00fcr unseren beliebten A1 Deutschkurs, wenn Sie&hellip;&nbsp;<a href=\"https:\/\/www.phuket-languageschool.com\/de\/programme\/deutsch\/\" rel=\"bookmark\">Weiterlesen &raquo;<span class=\"screen-reader-text\">Deutsch<\/span><\/a><\/p>\n","protected":false},"author":8,"featured_media":0,"parent":1005,"menu_order":0,"comment_status":"closed","ping_status":"closed","template":"","meta":{"neve_meta_sidebar":"","neve_meta_container":"","neve_meta_enable_content_width":"","neve_meta_content_width":0,"neve_meta_title_alignment":"","neve_meta_author_avatar":"","neve_post_elements_order":"","neve_meta_disable_header":"","neve_meta_disable_footer":"","neve_meta_disable_title":"","footnotes":""},"class_list":["post-1003","page","type-page","status-publish","hentry"],"_links":{"self":[{"href":"https:\/\/www.phuket-languageschool.com\/de\/wp-json\/wp\/v2\/pages\/1003","targetHints":{"allow":["GET"]}}],"collection":[{"href":"https:\/\/www.phuket-languageschool.com\/de\/wp-json\/wp\/v2\/pages"}],"about":[{"href":"https:\/\/www.phuket-languageschool.com\/de\/wp-json\/wp\/v2\/types\/page"}],"author":[{"embeddable":true,"href":"https:\/\/www.phuket-languageschool.com\/de\/wp-json\/wp\/v2\/users\/8"}],"replies":[{"embeddable":true,"href":"https:\/\/www.phuket-languageschool.com\/de\/wp-json\/wp\/v2\/comments?post=1003"}],"version-history":[{"count":8,"href":"https:\/\/www.phuket-languageschool.com\/de\/wp-json\/wp\/v2\/pages\/1003\/revisions"}],"predecessor-version":[{"id":28696,"href":"https:\/\/www.phuket-languageschool.com\/de\/wp-json\/wp\/v2\/pages\/1003\/revisions\/28696"}],"up":[{"embeddable":true,"href":"https:\/\/www.phuket-languageschool.com\/de\/wp-json\/wp\/v2\/pages\/1005"}],"wp:attachment":[{"href":"https:\/\/www.phuket-languageschool.com\/de\/wp-json\/wp\/v2\/media?parent=1003"}],"curies":[{"name":"wp","href":"https:\/\/api.w.org\/{rel}","templated":true}]}}