{"id":1063,"date":"2010-07-27T17:27:02","date_gmt":"2010-07-27T10:27:02","guid":{"rendered":"http:\/\/phuket-languageschool.com\/"},"modified":"2026-01-22T08:27:21","modified_gmt":"2026-01-22T01:27:21","slug":"englisch","status":"publish","type":"page","link":"https:\/\/www.phuket-languageschool.com\/de\/programme\/englisch\/","title":{"rendered":"Englisch"},"content":{"rendered":"\n<div class=\"wp-block-cover is-light has-parallax\"><div class=\"wp-block-cover__image-background wp-image-14644 has-parallax\" style=\"background-position:50% 50%;background-image:url(https:\/\/www.phuket-languageschool.com\/anti\/wp-content\/uploads\/2022\/04\/red_bus_london.webp)\"><\/div><span aria-hidden=\"true\" class=\"wp-block-cover__background has-background-dim-0 has-background-dim\"><\/span><div class=\"wp-block-cover__inner-container is-layout-flow wp-block-cover-is-layout-flow\">\n<h1 class=\"wp-block-heading has-text-align-center has-nv-text-dark-bg-color has-text-color\" id=\"english-language-courses-1\">Unser Englischunterricht<\/h1>\n<\/div><\/div>\n\n\n\n<hr class=\"wp-block-separator has-text-color has-neve-link-color-color has-css-opacity has-neve-link-color-background-color has-background is-style-default\"\/>\n\n\n\n<div class=\"wp-block-columns is-layout-flex wp-container-core-columns-is-layout-9d6595d7 wp-block-columns-is-layout-flex\">\n<div class=\"wp-block-column is-layout-flow wp-block-column-is-layout-flow\">\n<div style=\"height:25px\" aria-hidden=\"true\" class=\"wp-block-spacer\"><\/div>\n\n\n\n<h3 class=\"wp-block-heading has-text-align-center\" id=\"englisch-fur-thailander\">Englisch f\u00fcr Thail\u00e4nder<\/h3>\n\n\n\n<h4 class=\"wp-block-heading has-text-align-center\" id=\"3-500-baht\">3,700 Baht<\/h4>\n\n\n\n<p class=\"has-text-align-center\">Gruppe<br>Anf\u00e4nger<br>5\/10 Stunden pro Woche<br>ED-Visum? Nein<br>2-20 Wochen<\/p>\n\n\n\n<div class=\"wp-block-buttons is-content-justification-center is-layout-flex wp-container-core-buttons-is-layout-16018d1d wp-block-buttons-is-layout-flex\">\n<div class=\"wp-block-button is-style-outline is-style-outline--1\"><a class=\"wp-block-button__link wp-element-button\" href=\"#EnglishforThais\" style=\"border-radius:15px\">Weiterlesen<\/a><\/div>\n<\/div>\n<\/div>\n\n\n\n<div class=\"wp-block-column is-layout-flow wp-block-column-is-layout-flow\">\n<div style=\"height:25px\" aria-hidden=\"true\" class=\"wp-block-spacer\"><\/div>\n\n\n\n<h3 class=\"wp-block-heading has-text-align-center\" id=\"englisch-fur-jedermann\">Englisch f\u00fcr jedermann<\/h3>\n\n\n\n<h4 class=\"wp-block-heading has-text-align-center\" id=\"2-500-baht\">3,750 Baht<\/h4>\n\n\n\n<p class=\"has-text-align-center\">Gruppe<br>Anf\u00e4nger bis Fortgeschrittene<br>10 Stunden pro Woche<br>ED-Visum? Ja<br>1-28 Wochen<\/p>\n\n\n\n<div class=\"wp-block-buttons is-content-justification-center is-layout-flex wp-container-core-buttons-is-layout-16018d1d wp-block-buttons-is-layout-flex\">\n<div class=\"wp-block-button is-style-outline is-style-outline--2\"><a class=\"wp-block-button__link wp-element-button\" href=\"#EnglishforAll\" style=\"border-radius:15px\">Weiterlesen<\/a><\/div>\n<\/div>\n<\/div>\n\n\n\n<div class=\"wp-block-column is-layout-flow wp-block-column-is-layout-flow\">\n<div style=\"height:25px\" aria-hidden=\"true\" class=\"wp-block-spacer\"><\/div>\n\n\n\n<h3 class=\"wp-block-heading has-text-align-center\" id=\"einzelunterricht\">Einzelunterricht<\/h3>\n\n\n\n<h4 class=\"wp-block-heading has-text-align-center\" id=\"575-baht\">750 Baht<\/h4>\n\n\n\n<p class=\"has-text-align-center\">Einzelunterricht<br>Alleine<br>Anf\u00e4nger bis Fortgeschrittene<br>ED visa? Ja<br>Nach Wunsch<\/p>\n\n\n\n<div class=\"wp-block-buttons is-content-justification-center is-layout-flex wp-container-core-buttons-is-layout-16018d1d wp-block-buttons-is-layout-flex\">\n<div class=\"wp-block-button is-style-outline is-style-outline--3\"><a class=\"wp-block-button__link wp-element-button\" href=\"#Private\" style=\"border-radius:15px\">Weiterlesen<\/a><\/div>\n<\/div>\n<\/div>\n<\/div>\n\n\n\n<hr class=\"wp-block-separator has-text-color has-neve-link-color-color has-css-opacity has-neve-link-color-background-color has-background is-style-default\"\/>\n\n\n\n<div class=\"wp-block-columns is-layout-flex wp-container-core-columns-is-layout-9d6595d7 wp-block-columns-is-layout-flex\">\n<div class=\"wp-block-column is-layout-flow wp-block-column-is-layout-flow\">\n<h3 class=\"wp-block-heading\" id=\"tefl-qualifizierte-muttersprachler-als-lehrer\">TEFL qualifizierte Muttersprachler als Lehrer<\/h3>\n\n\n\n<p>Unser Englischunterricht wird von erfahrenen Muttersprachlern und von qualifizierten Thai-Lehrern im Anf\u00e4ngerbereich abgehalten.<\/p>\n<\/div>\n\n\n\n<div class=\"wp-block-column is-layout-flow wp-block-column-is-layout-flow\">\n<h3 class=\"wp-block-heading\" id=\"ausgezeichnete-unterrichtsmaterialien\">Ausgezeichnete Unterrichtsmaterialien<\/h3>\n\n\n\n<p>Wir produzieren unsere eigenen Unterrichtsmaterialien und B\u00fccher f\u00fcr den Anf\u00e4ngerbereich, welche wir \u00fcber einen Zeitraum von 40 Jahren Englischunterricht selbst entwickelt haben. Wir benutzen Lehrb\u00fccher der \u201cHeadway\u201d und \u201cStreamline\u201d Reihe f\u00fcr die unterschiedlichen Stufen im fortgeschrittenen Bereich.<\/p>\n<\/div>\n<\/div>\n\n\n\n<div class=\"wp-block-columns has-neve-text-color-color has-neve-link-color-background-color has-text-color has-background is-layout-flex wp-container-core-columns-is-layout-9d6595d7 wp-block-columns-is-layout-flex\" id=\"EnglishforThais\">\n<div class=\"wp-block-column is-layout-flow wp-block-column-is-layout-flow\" style=\"flex-basis:66.66%\">\n<h2 class=\"wp-block-heading has-nv-text-dark-bg-color has-text-color\" id=\"englisch-fur-thailander-1\">Englischkurse f\u00fcr Thais (Anf\u00e4nger) \u2013 ab 3.700 Baht<\/h2>\n\n\n\n<h3 class=\"wp-block-heading has-nv-text-dark-bg-color has-text-color\" id=\"1-2-unterrichtseinheiten-am-tag-5-tage-die-woche-bis-12-wochen-unterricht-in-der-gruppe\">1 oder 2 Unterrichtsstunden pro Tag \u2013 5 Tage pro Woche \u2013 2 bis 20 Wochen<\/h3>\n<\/div>\n\n\n\n<div class=\"wp-block-column is-layout-flow wp-block-column-is-layout-flow\" style=\"flex-basis:33.33%\">\n<div class=\"wp-block-buttons is-content-justification-center is-layout-flex wp-container-core-buttons-is-layout-16018d1d wp-block-buttons-is-layout-flex\">\n<div class=\"wp-block-button\"><a class=\"wp-block-button__link has-neve-link-hover-color-color has-nv-site-bg-background-color has-text-color has-background has-link-color has-small-font-size has-custom-font-size wp-element-button\" href=\"https:\/\/www.phuket-languageschool.com\/de\/kontakt\/anmeldeformular\/\">book now<\/a><\/div>\n<\/div>\n<\/div>\n<\/div>\n\n\n\n<div class=\"wp-block-columns is-layout-flex wp-container-core-columns-is-layout-9d6595d7 wp-block-columns-is-layout-flex\">\n<div class=\"wp-block-column is-layout-flow wp-block-column-is-layout-flow\">\n<h3 class=\"wp-block-heading\" id=\"englischkurs-lesen\">Englischkurs Lesen<\/h3>\n\n\n\n<p>Dies ist ein zweiw\u00f6chiger Kurs mit zwei Unterrichtsstunden pro Tag, also insgesamt 20 Stunden. Der Kurs zum Verbessern des Leseverm\u00f6gens ist geeignet f\u00fcr Anf\u00e4nger und auch f\u00fcr Sch\u00fcler mit Vorkenntnissen.<\/p>\n\n\n\n<p>Ein neuer Kurs beginnt jeden zweiten Montag um 14:00 Uhr.<\/p>\n\n\n\n<p>Der Kurs kostet 3.700 Baht oder kann als Teil eines Sparpakets erworben werden.<\/p>\n\n\n\n<h3 class=\"wp-block-heading\" id=\"englisch-grundkurs\">Englisch Grundkurs<\/h3>\n\n\n\n<p>Dies ist ein zweiw\u00f6chiger Kurs mit 2 Unterrichtseinheiten pro Tag, also insgesamt 20 Stunden. Der Kurs f\u00fchrt Sch\u00fcler vom absoluten Anf\u00e4nger durch die grundlegenden Bausteine \u200b\u200bder englischen Sprache und bereitet auf den Einstieg in unseren Easy-Going-Englischkurs vor.<\/p>\n\n\n\n<p>Ein neuer Kurs beginnt jeden zweiten Montag um 14:00 Uhr.<\/p>\n\n\n\n<p>Der Kurs kostet alleine 3.700 Baht oder kann als Teil eines Sparpakets erworben werden.<\/p>\n\n\n\n<h3 class=\"wp-block-heading\" id=\"englischkurs-easy-going\">Englischkurs \u201cEasy-Going\u201d<\/h3>\n\n\n\n<p>Easy-Going 1 und Easy-Going 2 sind achtw\u00f6chige Kurse mit einer Unterrichtsstunde pro Tag, an denen Sch\u00fcler alle zwei Wochen neu einsteigen k\u00f6nnen. Dieser Kurs baut auf unserem Englisch-Grundkurs auf und erweitert die Englischkenntnisse der Sch\u00fcler f\u00fcr den gebrauch im Alltag. Nach Abschluss dieses Kurses werden die Sch\u00fcler selbstbewusste, kompetente Sprecher der englischen Sprache sein.<\/p>\n\n\n\n<p>Einen neuen Einstieg in diesen Kurs gibt es jeden zweiten Montag um 16:00 Uhr.<\/p>\n\n\n\n<p>Der Kurs kostet 7.750 Baht f\u00fcr acht Wochen, kann aber auch separat als zweiw\u00f6chiger Block&nbsp; oder als Teil eines Pakets erworben werden.<\/p>\n\n\n\n<p>Bei Einzelkauf betr\u00e4gt der Easy-Going 2-Wochen-Preis 2.250 Baht.<\/p>\n\n\n\n<h3 class=\"wp-block-heading\" id=\"package-1\">Kurstermine<\/h3>\n\n\n\n<p>Die n\u00e4chsten 12 Kurstermine sind:<\/p>\n\n\n\n<div class=\"wp-block-columns is-layout-flex wp-container-core-columns-is-layout-9d6595d7 wp-block-columns-is-layout-flex\">\n<div class=\"wp-block-column is-layout-flow wp-block-column-is-layout-flow\">\n<iframe loading=\"lazy\" src=\"https:\/\/docs.google.com\/spreadsheets\/d\/1FABUl4_kcCbsGJ6VL--oPmqYF38OmoybQ4QkNGVFNbw\/pubhtml\/sheet?headers=false&amp;gid=0&amp;range=e4:e7\" width=\"175\" height=\"80\" frameborder=\"0\"><\/iframe>\n<\/div>\n\n\n\n<div class=\"wp-block-column is-layout-flow wp-block-column-is-layout-flow\">\n<iframe loading=\"lazy\" src=\"https:\/\/docs.google.com\/spreadsheets\/d\/1FABUl4_kcCbsGJ6VL--oPmqYF38OmoybQ4QkNGVFNbw\/pubhtml\/sheet?headers=false&amp;gid=0&amp;range=e8:e11\" width=\"175\" height=\"80\" frameborder=\"0\"><\/iframe>\n<\/div>\n\n\n\n<div class=\"wp-block-column is-layout-flow wp-block-column-is-layout-flow\">\n<iframe loading=\"lazy\" src=\"https:\/\/docs.google.com\/spreadsheets\/d\/1FABUl4_kcCbsGJ6VL--oPmqYF38OmoybQ4QkNGVFNbw\/pubhtml\/sheet?headers=false&amp;gid=0&amp;range=e12:e15\" width=\"175\" height=\"80\" frameborder=\"0\"><\/iframe>\n<\/div>\n<\/div>\n<\/div>\n\n\n\n<div class=\"wp-block-column is-layout-flow wp-block-column-is-layout-flow\">\n<h3 class=\"wp-block-heading\" id=\"paketpreise-und-einzelpreise\">Paketpreise und Einzelpreise<\/h3>\n\n\n\n<h4 class=\"wp-block-heading\" id=\"package-1\">Paket 1<\/h4>\n\n\n\n<p><strong>Englischkurs Lesen und Grundkurs<\/strong> mit allen B\u00fcchern kosten 7.800 Baht (Normalpreis 8.300 Baht). Kursdauer: 4 Wochen. SPAREN SIE 500 Baht.<\/p>\n\n\n\n<h4 class=\"wp-block-heading\" id=\"package-1\">Paket 2<\/h4>\n\n\n\n<p><strong>Grundkurs und Easy-Going 1<\/strong> mit allen B\u00fcchern kosten 12.450 Baht (Normalpreis 13.250 Baht). Kursdauer: 10 Wochen. SPAREN SIE 800 Baht.<\/p>\n\n\n\n<h4 class=\"wp-block-heading\" id=\"package-1\">Paket 3<\/h4>\n\n\n\n<p><strong>Englischkurs Lesen, Grundkurs und Easy Going 1<\/strong> mit allen B\u00fcchern kosten 16.050 Baht (Normalpreis 17.250 Baht). Kursdauer: 12 Wochen. SPAREN SIE 1.200 Baht.<\/p>\n\n\n\n<h4 class=\"wp-block-heading\" id=\"package-1\">Paket 4<\/h4>\n\n\n\n<p><strong>Grundkurs und Easy Going 1 und 2<\/strong> mit allen B\u00fcchern kosten 20.500 Baht (Normalpreis 22.200 Baht). Kursdauer: 18 Wochen. SPAREN SIE 1.700 Baht.<\/p>\n\n\n\n<h4 class=\"wp-block-heading\" id=\"package-1\">Paket 5<\/h4>\n\n\n\n<p><strong>Englischkurs Lesen, Grundkurs und Easy Going 1 und 2<\/strong> mit allen B\u00fcchern kosten 23.800 Baht (Vollpreis 26.200 Baht). Kursdauer: 20 Wochen. SPAREN SIE 2.400 Baht.<\/p>\n\n\n\n<figure class=\"wp-block-table is-style-stripes\"><table><thead><tr><th>Paket<\/th><th>Preis<\/th><th>Sie sparen<\/th><\/tr><\/thead><tbody><tr><td>1<\/td><td>7.800 Baht<\/td><td>500 Baht<\/td><\/tr><tr><td>2<\/td><td>12.450 Baht<\/td><td>800 Baht<\/td><\/tr><tr><td>3<\/td><td>16.050 Baht<\/td><td>1.200 Baht<\/td><\/tr><tr><td>4<\/td><td>20.500 Baht<\/td><td>1.700 Baht<\/td><\/tr><tr><td>5<\/td><td>23.800 Baht<\/td><td>2.400 Baht<\/td><\/tr><\/tbody><\/table><\/figure>\n<\/div>\n<\/div>\n\n\n\n<div class=\"wp-block-columns has-neve-text-color-color has-neve-link-color-background-color has-text-color has-background is-layout-flex wp-container-core-columns-is-layout-9d6595d7 wp-block-columns-is-layout-flex\" id=\"EnglishforAll\">\n<div class=\"wp-block-column is-layout-flow wp-block-column-is-layout-flow\" style=\"flex-basis:66.66%\">\n<h2 class=\"wp-block-heading has-nv-text-dark-bg-color has-text-color\" id=\"englisch-fur-thailander-1\">Englisch f\u00fcr jedermann<\/h2>\n\n\n\n<h3 class=\"wp-block-heading has-nv-text-dark-bg-color has-text-color\" id=\"1-2-unterrichtseinheiten-am-tag-5-tage-die-woche-bis-12-wochen-unterricht-in-der-gruppe\">2 Unterrichtseinheiten am Tag \u2013 5 Tage die Woche \u2013 bis 28 Wochen Unterricht in der Gruppe<\/h3>\n<\/div>\n\n\n\n<div class=\"wp-block-column is-layout-flow wp-block-column-is-layout-flow\" style=\"flex-basis:33.33%\">\n<div class=\"wp-block-buttons is-content-justification-center is-layout-flex wp-container-core-buttons-is-layout-16018d1d wp-block-buttons-is-layout-flex\">\n<div class=\"wp-block-button\"><a class=\"wp-block-button__link has-neve-link-hover-color-color has-nv-site-bg-background-color has-text-color has-background has-link-color has-small-font-size has-custom-font-size wp-element-button\" href=\"https:\/\/www.phuket-languageschool.com\/de\/kontakt\/anmeldeformular\/\">book now<\/a><\/div>\n<\/div>\n<\/div>\n<\/div>\n\n\n\n<div class=\"wp-block-columns is-layout-flex wp-container-core-columns-is-layout-9d6595d7 wp-block-columns-is-layout-flex\">\n<div class=\"wp-block-column is-layout-flow wp-block-column-is-layout-flow\">\n<h3 class=\"wp-block-heading\" id=\"wie-viele-studenten-sind-in-einer-klasse\">Wie viele Studenten sind in einer Klasse?<\/h3>\n\n\n\n<p>Wir haben maximal zw\u00f6lf Pl\u00e4tze in einer Englischklasse.<\/p>\n\n\n\n<h3 class=\"wp-block-heading\" id=\"welches-unterrichtsmaterial-wird-benutzt\">Welches Unterrichtsmaterial wird benutzt?<\/h3>\n\n\n\n<p>Wir benutzen f\u00fcr den Level 9 unsere eigens entwickelten Lehr-und Arbeitsb\u00fccher. F\u00fcr die Level 10 und 11 verwenden wir die \u201eThe New Headway Series\u201c von Joan und Liz Soars und von der Oxford Universit\u00e4t ver\u00f6ffentlicht.<\/p>\n\n\n\n<h3 class=\"wp-block-heading\" id=\"was-kostet-dieser-kurs\">Was kostet dieser Kurs?<\/h3>\n\n\n\n<p>Ein einw\u00f6chiger Kurs von 10 Stunden kostet 3.750 Baht pro Person. Bei Buchung mehrerer Wochen erhalten Sie einen Rabatt. Gruppenunterricht kann nicht umgebucht werden und vers\u00e4umter Unterricht kann nicht erstattet werden.<\/p>\n<\/div>\n\n\n\n<div class=\"wp-block-column is-layout-flow wp-block-column-is-layout-flow\">\n<h3 class=\"wp-block-heading\" id=\"wie-viele-unterrichtsstufen-gibt-es\">Wie viele Unterrichtsstufen gibt es?<\/h3>\n\n\n\n<p>Wir bieten drei Stufen an: Anf\u00e4nger (pre-Elementary), Fortgeschrittene I (Elementary), Fortgeschrittene II (pre-Intermediate).<\/p>\n\n\n\n<h3 class=\"wp-block-heading\" id=\"wann-ist-der-unterricht\">Wann ist der Unterricht?<\/h3>\n\n\n\n<p>Zwei Unterrichtsstunden a 50 Minuten am Tag.<\/p>\n\n\n\n<p>Die Unterrichtszeiten variieren je nach Level. Fragen Sie uns nach der f\u00fcr Ihren Kurs gebuchten Unterrichtszeit.<\/p>\n\n\n\n<p>Sie k\u00f6nnen jeweils montags den Englischgruppenunterricht f\u00fcr die Elementary und pre-Intermediate beginnen. W\u00e4hlen Sie einfach den Zeitraum aus, der Ihnen am besten zusagt.<\/p>\n\n\n\n<p>Die Termine der n\u00e4chsten 12 Kurse f\u00fcr die Level pre-Elementary sind:<\/p>\n\n\n\n<div class=\"wp-block-columns is-layout-flex wp-container-core-columns-is-layout-9d6595d7 wp-block-columns-is-layout-flex\">\n<div class=\"wp-block-column is-layout-flow wp-block-column-is-layout-flow\">\n<iframe loading=\"lazy\" src=\"https:\/\/docs.google.com\/spreadsheets\/d\/1FABUl4_kcCbsGJ6VL--oPmqYF38OmoybQ4QkNGVFNbw\/pubhtml\/sheet?headers=false&amp;gid=0&amp;range=g4:g7\" width=\"175\" height=\"80\" frameborder=\"0\"><\/iframe>\n<\/div>\n\n\n\n<div class=\"wp-block-column is-layout-flow wp-block-column-is-layout-flow\">\n<iframe loading=\"lazy\" src=\"https:\/\/docs.google.com\/spreadsheets\/d\/1FABUl4_kcCbsGJ6VL--oPmqYF38OmoybQ4QkNGVFNbw\/pubhtml\/sheet?headers=false&amp;gid=0&amp;range=g8:g11\" width=\"175\" height=\"80\" frameborder=\"0\"><\/iframe>\n<\/div>\n\n\n\n<div class=\"wp-block-column is-layout-flow wp-block-column-is-layout-flow\">\n<iframe loading=\"lazy\" src=\"https:\/\/docs.google.com\/spreadsheets\/d\/1FABUl4_kcCbsGJ6VL--oPmqYF38OmoybQ4QkNGVFNbw\/pubhtml\/sheet?headers=false&amp;gid=0&amp;range=g12:g15\" width=\"175\" height=\"80\" frameborder=\"0\"><\/iframe>\n<\/div>\n<\/div>\n<\/div>\n<\/div>\n\n\n\n<div class=\"wp-block-columns has-neve-text-color-color has-neve-link-color-background-color has-text-color has-background is-layout-flex wp-container-core-columns-is-layout-9d6595d7 wp-block-columns-is-layout-flex\" id=\"private\">\n<div class=\"wp-block-column is-layout-flow wp-block-column-is-layout-flow\" style=\"flex-basis:66.66%\">\n<h2 class=\"wp-block-heading has-nv-text-dark-bg-color has-text-color\" id=\"englisch-fur-thailander-1\">Englisch Einzelunterricht<\/h2>\n\n\n\n<h3 class=\"wp-block-heading has-nv-text-dark-bg-color has-text-color\" id=\"1-2-unterrichtseinheiten-am-tag-5-tage-die-woche-bis-12-wochen-unterricht-in-der-gruppe\">1 oder 2 Unterrichtsstunden t\u00e4glich \u2013 3 oder 5 Tage pro Woche \u2013 unbestimmter Unterrichtszeitraum<\/h3>\n<\/div>\n\n\n\n<div class=\"wp-block-column is-layout-flow wp-block-column-is-layout-flow\" style=\"flex-basis:33.33%\">\n<div class=\"wp-block-buttons is-content-justification-center is-layout-flex wp-container-core-buttons-is-layout-16018d1d wp-block-buttons-is-layout-flex\">\n<div class=\"wp-block-button\"><a class=\"wp-block-button__link has-neve-link-hover-color-color has-nv-site-bg-background-color has-text-color has-background has-link-color has-small-font-size has-custom-font-size wp-element-button\" href=\"https:\/\/www.phuket-languageschool.com\/de\/kontakt\/anmeldeformular\/\">book now<\/a><\/div>\n<\/div>\n<\/div>\n<\/div>\n\n\n\n<div class=\"wp-block-columns is-layout-flex wp-container-core-columns-is-layout-9d6595d7 wp-block-columns-is-layout-flex\">\n<div class=\"wp-block-column is-layout-flow wp-block-column-is-layout-flow\">\n<h3 class=\"wp-block-heading\" id=\"wie-viele-studenten-sind-in-einer-klasse-1\">Wie viele Studenten sind in einer Klasse?<\/h3>\n\n\n\n<p>Im Einzelunterricht werden Sch\u00fcler einzeln vom Lehrer Unterrichtet.<\/p>\n\n\n\n<p>(Es k\u00f6nnen auch zwei oder mehr Personen diesen individuellen Unterricht buchen. Die Kosten betragen dann 475 Baht pro Stunde, pro Person.)<\/p>\n\n\n\n<h3 class=\"wp-block-heading\" id=\"wann-ist-der-unterricht-1\">Wann ist der Unterricht?<\/h3>\n\n\n\n<p>Sie k\u00f6nnen den Unterricht zwischen 9.00 und 19.00 Uhr, von Montag bis Freitag buchen, allerdings abh\u00e4ngig von der Verf\u00fcgbarkeit des Lehrers.<\/p>\n<\/div>\n\n\n\n<div class=\"wp-block-column is-layout-flow wp-block-column-is-layout-flow\">\n<h3 class=\"wp-block-heading\" id=\"welches-unterrichtsmaterial-wird-benutzt-1\">Welches Unterrichtsmaterial wird benutzt?<\/h3>\n\n\n\n<p>Wir haben verschiedene Materialien zur Auswahl, von denen wir mit Ihnen das geeignete Buch aussuchen.<\/p>\n\n\n\n<h3 class=\"wp-block-heading\" id=\"was-kostet-das\">Was kostet das?<\/h3>\n\n\n\n<p>Einzelunterricht in Englisch kostet 750 Baht pro Stunde mit einem Muttersprachler oder einem Thai-Lehrer. Somit kosten 20 Stunden 15.000 Baht.<\/p>\n\n\n\n<p>Bei f\u00fcnf Stunden w\u00f6chentlich dauert ein Block von 20 Stunden vier Wochen. Das Unterrichtstempo wird individuell gestaltet.<\/p>\n<\/div>\n<\/div>\n","protected":false},"excerpt":{"rendered":"<p>Englisch f\u00fcr Thail\u00e4nder 3,700 Baht GruppeAnf\u00e4nger5\/10 Stunden pro WocheED-Visum? Nein2-20 Wochen Englisch f\u00fcr jedermann 3,750 Baht GruppeAnf\u00e4nger bis Fortgeschrittene10 Stunden pro WocheED-Visum? Ja1-28 Wochen Einzelunterricht 750 Baht EinzelunterrichtAlleineAnf\u00e4nger bis FortgeschritteneED visa? JaNach Wunsch TEFL qualifizierte Muttersprachler als Lehrer Unser Englischunterricht wird von erfahrenen Muttersprachlern und von qualifizierten Thai-Lehrern im Anf\u00e4ngerbereich abgehalten. Ausgezeichnete Unterrichtsmaterialien Wir produzieren&hellip;&nbsp;<a href=\"https:\/\/www.phuket-languageschool.com\/de\/programme\/englisch\/\" rel=\"bookmark\">Weiterlesen &raquo;<span class=\"screen-reader-text\">Englisch<\/span><\/a><\/p>\n","protected":false},"author":8,"featured_media":0,"parent":1005,"menu_order":0,"comment_status":"closed","ping_status":"closed","template":"","meta":{"neve_meta_sidebar":"","neve_meta_container":"","neve_meta_enable_content_width":"","neve_meta_content_width":0,"neve_meta_title_alignment":"","neve_meta_author_avatar":"","neve_post_elements_order":"","neve_meta_disable_header":"","neve_meta_disable_footer":"","neve_meta_disable_title":"","footnotes":""},"class_list":["post-1063","page","type-page","status-publish","hentry"],"_links":{"self":[{"href":"https:\/\/www.phuket-languageschool.com\/de\/wp-json\/wp\/v2\/pages\/1063","targetHints":{"allow":["GET"]}}],"collection":[{"href":"https:\/\/www.phuket-languageschool.com\/de\/wp-json\/wp\/v2\/pages"}],"about":[{"href":"https:\/\/www.phuket-languageschool.com\/de\/wp-json\/wp\/v2\/types\/page"}],"author":[{"embeddable":true,"href":"https:\/\/www.phuket-languageschool.com\/de\/wp-json\/wp\/v2\/users\/8"}],"replies":[{"embeddable":true,"href":"https:\/\/www.phuket-languageschool.com\/de\/wp-json\/wp\/v2\/comments?post=1063"}],"version-history":[{"count":13,"href":"https:\/\/www.phuket-languageschool.com\/de\/wp-json\/wp\/v2\/pages\/1063\/revisions"}],"predecessor-version":[{"id":28697,"href":"https:\/\/www.phuket-languageschool.com\/de\/wp-json\/wp\/v2\/pages\/1063\/revisions\/28697"}],"up":[{"embeddable":true,"href":"https:\/\/www.phuket-languageschool.com\/de\/wp-json\/wp\/v2\/pages\/1005"}],"wp:attachment":[{"href":"https:\/\/www.phuket-languageschool.com\/de\/wp-json\/wp\/v2\/media?parent=1063"}],"curies":[{"name":"wp","href":"https:\/\/api.w.org\/{rel}","templated":true}]}}