{"id":1065,"date":"2010-07-27T17:32:02","date_gmt":"2010-07-27T10:32:02","guid":{"rendered":"http:\/\/phuket-languageschool.com\/"},"modified":"2026-01-22T08:28:38","modified_gmt":"2026-01-22T01:28:38","slug":"thai","status":"publish","type":"page","link":"https:\/\/www.phuket-languageschool.com\/de\/programme\/thai\/","title":{"rendered":"Thai"},"content":{"rendered":"\n<div class=\"wp-block-cover is-light has-parallax\"><div class=\"wp-block-cover__image-background wp-image-14634 has-parallax\" style=\"background-position:50% 50%;background-image:url(https:\/\/www.phuket-languageschool.com\/anti\/wp-content\/uploads\/2022\/04\/chalong_temple.webp)\"><\/div><span aria-hidden=\"true\" class=\"wp-block-cover__background has-background-dim-0 has-background-dim\"><\/span><div class=\"wp-block-cover__inner-container is-layout-flow wp-block-cover-is-layout-flow\">\n<p class=\"has-text-align-center has-nv-text-dark-bg-color has-text-color has-large-font-size\">Unsere Thai-Kurse<\/p>\n<\/div><\/div>\n\n\n\n<hr class=\"wp-block-separator has-text-color has-neve-link-color-color has-css-opacity has-neve-link-color-background-color has-background is-style-wide\"\/>\n\n\n\n<div class=\"wp-block-columns has-5-columns is-layout-flex wp-container-core-columns-is-layout-9d6595d7 wp-block-columns-is-layout-flex\">\n<div class=\"wp-block-column is-layout-flow wp-block-column-is-layout-flow\">\n<div style=\"height:25px\" aria-hidden=\"true\" class=\"wp-block-spacer\"><\/div>\n\n\n\n<h3 class=\"wp-block-heading has-text-align-center\" id=\"einstiegskurs\">Einstiegskurs<\/h3>\n\n\n\n<h4 class=\"wp-block-heading has-text-align-center\" id=\"3-900-baht\">4.900 Baht<\/h4>\n\n\n\n<p class=\"has-text-align-center\">Gruppe<br>Anf\u00e4nger<br>8 Stunden pro Woche<br>ED-Visum? Nein<br>2 Wochen<\/p>\n\n\n\n<div class=\"wp-block-buttons is-layout-flex wp-block-buttons-is-layout-flex\">\n<div class=\"wp-block-button is-style-primary aligncenter\"><a class=\"wp-block-button__link wp-element-button\" href=\"#foundation\">Weiterlesen<\/a><\/div>\n<\/div>\n<\/div>\n\n\n\n<div class=\"wp-block-column is-layout-flow wp-block-column-is-layout-flow\">\n<div style=\"height:25px\" aria-hidden=\"true\" class=\"wp-block-spacer\"><\/div>\n\n\n\n<h3 class=\"wp-block-heading has-text-align-center\" id=\"thai-im-alltag\">Thai im Alltag<\/h3>\n\n\n\n<h4 class=\"wp-block-heading has-text-align-center\" id=\"13-800-baht\">1.950 Baht<\/h4>\n\n\n\n<p class=\"has-text-align-center\">Gruppe<br>Anf\u00e4nger<br>4 Stunden pro Woche<br>ED-Visum? Ja<br>1-48+ Wochen<\/p>\n\n\n\n<div class=\"wp-block-buttons is-layout-flex wp-block-buttons-is-layout-flex\">\n<div class=\"wp-block-button is-style-primary aligncenter\"><a class=\"wp-block-button__link wp-element-button\" href=\"#easygoing\">Weiterlesen<\/a><\/div>\n<\/div>\n\n\n\n<p><\/p>\n<\/div>\n\n\n\n<div class=\"wp-block-column is-layout-flow wp-block-column-is-layout-flow\">\n<div style=\"height:25px\" aria-hidden=\"true\" class=\"wp-block-spacer\"><\/div>\n\n\n\n<h3 class=\"wp-block-heading has-text-align-center\" id=\"intensiv-kurs\">Intensiv Kurs<\/h3>\n\n\n\n<h4 class=\"wp-block-heading has-text-align-center\" id=\"27-000-baht\">8.650 Baht<\/h4>\n\n\n\n<p class=\"has-text-align-center\">Gruppe<br>Anf\u00e4nger bis Fortgeschrittene<br>20 Stunden pro Woche<br>ED-Visum? Ja<br>1-24 Wochen<\/p>\n\n\n\n<div class=\"wp-block-buttons is-layout-flex wp-block-buttons-is-layout-flex\">\n<div class=\"wp-block-button is-style-primary aligncenter\"><a class=\"wp-block-button__link wp-element-button\" href=\"#intensive\">Weiterlesen<\/a><\/div>\n<\/div>\n\n\n\n<p><\/p>\n<\/div>\n\n\n\n<div class=\"wp-block-column is-layout-flow wp-block-column-is-layout-flow\">\n<div style=\"height:25px\" aria-hidden=\"true\" class=\"wp-block-spacer\"><\/div>\n\n\n\n<h3 class=\"wp-block-heading has-text-align-center\" id=\"einzelunterricht\">Einzelunterricht<\/h3>\n\n\n\n<h4 class=\"wp-block-heading has-text-align-center\" id=\"575-baht\">750 Baht<\/h4>\n\n\n\n<p class=\"has-text-align-center\">Alleine<br>Anf\u00e4nger bis Fortgeschrittene<br>Minimum 3 pro Woche<br>ED-Visum? Ja<br>Nach Wunsch<\/p>\n\n\n\n<div class=\"wp-block-buttons is-layout-flex wp-block-buttons-is-layout-flex\">\n<div class=\"wp-block-button is-style-primary aligncenter\"><a class=\"wp-block-button__link wp-element-button\" href=\"#private\">Weiterlesen<\/a><\/div>\n<\/div>\n\n\n\n<p><\/p>\n<\/div>\n<\/div>\n\n\n\n<hr class=\"wp-block-separator has-text-color has-neve-link-color-color has-css-opacity has-neve-link-color-background-color has-background is-style-wide\"\/>\n\n\n\n<div class=\"wp-block-columns is-layout-flex wp-container-core-columns-is-layout-9d6595d7 wp-block-columns-is-layout-flex\">\n<div class=\"wp-block-column is-layout-flow wp-block-column-is-layout-flow\">\n<h3 class=\"wp-block-heading\" id=\"erfahrene-qualifizierte-lehrer\">Erfahrene, qualifizierte Lehrer<\/h3>\n\n\n\n<p>Unser Thaiunterricht erfolgt durch erfahrene Muttersprachler. Wir benutzen unsere eigenen Unterrichtsmaterialien, welche wir \u00fcber einen Zeitraum von 40 Jahren entwickelt haben.<\/p>\n<\/div>\n\n\n\n<div class=\"wp-block-column is-layout-flow wp-block-column-is-layout-flow\">\n<h3 class=\"wp-block-heading\" id=\"studienmoglichkeiten\">Studienm\u00f6glichkeiten<\/h3>\n\n\n\n<p>Sie m\u00f6chten sich einfach auf Thai unterhalten k\u00f6nnen, oder auch Lesen und Schreiben lernen, wir haben mit Sicherheit den passenden Kurs f\u00fcr Sie.<\/p>\n<\/div>\n<\/div>\n\n\n\n<div class=\"wp-block-columns has-neve-text-color-color has-neve-link-color-background-color has-text-color has-background is-layout-flex wp-container-core-columns-is-layout-9d6595d7 wp-block-columns-is-layout-flex\" id=\"foundation\">\n<div class=\"wp-block-column is-layout-flow wp-block-column-is-layout-flow\" style=\"flex-basis:66.66%\">\n<h2 class=\"wp-block-heading has-nv-text-dark-bg-color has-text-color\" id=\"thai-einstiegskurs\">Thai-Einstiegskurs<\/h2>\n\n\n\n<h3 class=\"wp-block-heading has-nv-text-dark-bg-color has-text-color\" id=\"3-unterrichtsstunden-taglich-3-tage-pro-woche-2-unterrichtswochen\">3 Unterrichtsstunden t\u00e4glich \u2013 3 Tage pro Woche \u2013 2 Unterrichtswochen<\/h3>\n<\/div>\n\n\n\n<div class=\"wp-block-column is-layout-flow wp-block-column-is-layout-flow\" style=\"flex-basis:33.33%\">\n<div class=\"wp-block-buttons is-content-justification-center is-layout-flex wp-container-core-buttons-is-layout-16018d1d wp-block-buttons-is-layout-flex\">\n<div class=\"wp-block-button\"><a class=\"wp-block-button__link has-neve-link-hover-color-color has-nv-site-bg-background-color has-text-color has-background has-link-color has-small-font-size has-custom-font-size wp-element-button\" href=\"https:\/\/www.phuket-languageschool.com\/de\/kontakt\/anmeldeformular\/\">book now<\/a><\/div>\n<\/div>\n<\/div>\n<\/div>\n\n\n\n<div class=\"wp-block-columns is-layout-flex wp-container-core-columns-is-layout-9d6595d7 wp-block-columns-is-layout-flex\">\n<div class=\"wp-block-column is-layout-flow wp-block-column-is-layout-flow\">\n<h3 class=\"wp-block-heading\" id=\"wie-viele-schuler-sind-in-einer-klasse\">Wie viele Sch\u00fcler sind in einer Klasse?<\/h3>\n\n\n\n<p>Im Anf\u00e4ngerkurs haben wir Pl\u00e4tze f\u00fcr zw\u00f6lf Sch\u00fcler.<\/p>\n\n\n\n<h3 class=\"wp-block-heading\" id=\"wann-findet-der-unterricht-statt\">Wann findet der Unterricht statt?<\/h3>\n\n\n\n<p>Der Thai-Einstiegskurs ist ein zweiw\u00f6chiger Kurs, welcher immer montags beginnt und \u00fcber das ganze Jahr (Ausnahmen sind Songkran, Mitte April und Weihnachten\/Neujahr) angeboten wird.<\/p>\n\n\n\n<p>Der Kurs beinhaltet 15 Stunden, welche auf f\u00fcnf Tage zu jeweils drei Unterrichtsstunden aufgeteilt sind. In der ersten Woche findet der Unterricht montags, mittwochs und freitags, in der zweiten Woche dienstags und donnerstags statt.<\/p>\n\n\n\n<p>Die Unterrichtszeiten sind von 10.00 Uhr bis 12.50Uhr, mit einer zehnmin\u00fctigen Pause um 10.50 Uhr und 11.50 Uhr.<\/p>\n<\/div>\n\n\n\n<div class=\"wp-block-column is-layout-flow wp-block-column-is-layout-flow\">\n<h3 class=\"wp-block-heading\" id=\"was-kostet-das\">Was kostet das?<\/h3>\n\n\n\n<p>Dieser f\u00fcnfzehnst\u00fcndige Kurs kostet 4.900 Baht pro Person, inklusive Buch.<\/p>\n\n\n\n<h3 class=\"wp-block-heading\" id=\"was-fur-unterrichtsmaterial-wird-benutzt\">Was f\u00fcr Unterrichtsmaterial wird benutzt?<\/h3>\n\n\n\n<p>Wir stellen das Thai-Einstiegskursbuch zur Verf\u00fcgung, welches selbstverst\u00e4ndlich im Kurspreis enthalten ist.<\/p>\n\n\n\n<h3 class=\"wp-block-heading\" id=\"die-termine-der-nachsten-kurse-sind\">Die Termine der n\u00e4chsten Kurse sind:<\/h3>\n\n\n\n<div class=\"wp-block-columns is-layout-flex wp-container-core-columns-is-layout-9d6595d7 wp-block-columns-is-layout-flex\">\n<div class=\"wp-block-column is-layout-flow wp-block-column-is-layout-flow\">\n<iframe loading=\"lazy\" src=\"https:\/\/docs.google.com\/spreadsheets\/d\/1FABUl4_kcCbsGJ6VL--oPmqYF38OmoybQ4QkNGVFNbw\/pubhtml\/sheet?headers=false&amp;gid=0&amp;range=b4:b7\" width=\"175\" height=\"80\" frameborder=\"0\"><\/iframe>\n<\/div>\n\n\n\n<div class=\"wp-block-column is-layout-flow wp-block-column-is-layout-flow\">\n<iframe loading=\"lazy\" src=\"https:\/\/docs.google.com\/spreadsheets\/d\/1FABUl4_kcCbsGJ6VL--oPmqYF38OmoybQ4QkNGVFNbw\/pubhtml\/sheet?headers=false&amp;gid=0&amp;range=b8:b11\" width=\"175\" height=\"80\" frameborder=\"0\"><\/iframe>\n<\/div>\n\n\n\n<div class=\"wp-block-column is-layout-flow wp-block-column-is-layout-flow\">\n<iframe loading=\"lazy\" src=\"https:\/\/docs.google.com\/spreadsheets\/d\/1FABUl4_kcCbsGJ6VL--oPmqYF38OmoybQ4QkNGVFNbw\/pubhtml\/sheet?headers=false&amp;gid=0&amp;range=b12:b15\" width=\"175\" height=\"80\" frameborder=\"0\"><\/iframe>\n<\/div>\n<\/div>\n<\/div>\n<\/div>\n\n\n\n<div class=\"wp-block-columns has-neve-text-color-color has-neve-link-color-background-color has-text-color has-background is-layout-flex wp-container-core-columns-is-layout-9d6595d7 wp-block-columns-is-layout-flex\" id=\"easygoing\">\n<div class=\"wp-block-column is-layout-flow wp-block-column-is-layout-flow\" style=\"flex-basis:66.66%\">\n<h2 class=\"wp-block-heading has-nv-text-dark-bg-color has-text-color\" id=\"thai-einstiegskurs\">Thai im Alltag<\/h2>\n\n\n\n<h3 class=\"wp-block-heading has-nv-text-dark-bg-color has-text-color\" id=\"3-unterrichtsstunden-taglich-3-tage-pro-woche-2-unterrichtswochen\">2 Unterrichtsstunden t\u00e4glich \u2013 2 Tage pro Woche \u2013 12, 24 or 48 Unterrichtswochen<\/h3>\n<\/div>\n\n\n\n<div class=\"wp-block-column is-layout-flow wp-block-column-is-layout-flow\" style=\"flex-basis:33.33%\">\n<div class=\"wp-block-buttons is-content-justification-center is-layout-flex wp-container-core-buttons-is-layout-16018d1d wp-block-buttons-is-layout-flex\">\n<div class=\"wp-block-button\"><a class=\"wp-block-button__link has-neve-link-hover-color-color has-nv-site-bg-background-color has-text-color has-background has-link-color has-small-font-size has-custom-font-size wp-element-button\" href=\"https:\/\/www.phuket-languageschool.com\/de\/kontakt\/anmeldeformular\/\">book now<\/a><\/div>\n<\/div>\n<\/div>\n<\/div>\n\n\n\n<div class=\"wp-block-columns is-layout-flex wp-container-core-columns-is-layout-9d6595d7 wp-block-columns-is-layout-flex\">\n<div class=\"wp-block-column is-layout-flow wp-block-column-is-layout-flow\">\n<h3 class=\"wp-block-heading\" id=\"was-fur-unterrichtsmaterial-wird-benutzt-1\">Was f\u00fcr Unterrichtsmaterial wird benutzt?<\/h3>\n\n\n\n<p>Wir stellen ein Ringbuch bereit, f\u00fcr welches wir die jeweiligen Unterrichtsbl\u00e4tter zum entsprechenden Thema ausgeben. Selbstverst\u00e4ndlich haben wir auch weiteres Material, wenn Sie l\u00e4nger als 12 Monate lernen m\u00f6chten.<\/p>\n\n\n\n<h3 class=\"wp-block-heading\" id=\"was-kostet-das-1\">Was kostet das?<\/h3>\n\n\n\n<p>Der 12-Wochenkurs \u201eThai im Alltag\u201c kostet 19.900 Baht pro Person.<\/p>\n\n\n\n<p>Der 24-Wochenkurs \u201eThai im Alltag\u201c kostet 34.850 Baht pro Person.<\/p>\n\n\n\n<p>Der 48-Wochenkurs \u201eThai im Alltag\u201c kostet 53.450 Baht pro Person.<\/p>\n\n\n\n<p>Gruppenunterricht kann nicht umgebucht werden und vers\u00e4umter Unterricht kann nicht erstattet werden.<\/p>\n<\/div>\n\n\n\n<div class=\"wp-block-column is-layout-flow wp-block-column-is-layout-flow\">\n<h3 class=\"wp-block-heading\" id=\"wie-viele-schuler-sind-in-einer-klasse-1\">Wie viele Sch\u00fcler sind in einer Klasse?<\/h3>\n\n\n\n<p>Dieser Kurs bietet bis zu zw\u00f6lf Sch\u00fclern Platz.<\/p>\n\n\n\n<h3 class=\"wp-block-heading\" id=\"wann-findet-der-unterricht-statt-1\">Wann findet der Unterricht statt?<\/h3>\n\n\n\n<p>Sie k\u00f6nnen jederzeit mit dem Unterricht beginnen. Die Kurse laufen das ganze Jahr.<\/p>\n\n\n\n<p>Der Kurs \u201eThai im Alltag\u201c erfordert eine Absolvierung unseres Anf\u00e4ngerkurses.<\/p>\n\n\n\n<p>Jede Woche wird ein neues Thema behandelt. Hierbei wird nicht auf den Inhalt der vorherigen Woche aufgebaut, wodurch Sie jederzeit am Unterricht teilnehmen k\u00f6nnen, auch wenn Ihre Mitsch\u00fcler schon mehrere Themen gelernt haben.<\/p>\n\n\n\n<p>Die Termine der n\u00e4chsten Kurse sind:<\/p>\n\n\n\n<div class=\"wp-block-columns is-layout-flex wp-container-core-columns-is-layout-9d6595d7 wp-block-columns-is-layout-flex\">\n<div class=\"wp-block-column is-layout-flow wp-block-column-is-layout-flow\">\n<iframe loading=\"lazy\" src=\"https:\/\/docs.google.com\/spreadsheets\/d\/1FABUl4_kcCbsGJ6VL--oPmqYF38OmoybQ4QkNGVFNbw\/pubhtml\/sheet?headers=false&amp;gid=0&amp;range=c4:c7\" width=\"175\" height=\"80\" frameborder=\"0\"><\/iframe>\n<\/div>\n\n\n\n<div class=\"wp-block-column is-layout-flow wp-block-column-is-layout-flow\">\n<iframe loading=\"lazy\" src=\"https:\/\/docs.google.com\/spreadsheets\/d\/1FABUl4_kcCbsGJ6VL--oPmqYF38OmoybQ4QkNGVFNbw\/pubhtml\/sheet?headers=false&amp;gid=0&amp;range=c8:c11\" width=\"175\" height=\"80\" frameborder=\"0\"><\/iframe>\n<\/div>\n\n\n\n<div class=\"wp-block-column is-layout-flow wp-block-column-is-layout-flow\">\n<iframe loading=\"lazy\" src=\"https:\/\/docs.google.com\/spreadsheets\/d\/1FABUl4_kcCbsGJ6VL--oPmqYF38OmoybQ4QkNGVFNbw\/pubhtml\/sheet?headers=false&amp;gid=0&amp;range=c12:c15\" width=\"175\" height=\"80\" frameborder=\"0\"><\/iframe>\n<\/div>\n<\/div>\n<\/div>\n<\/div>\n\n\n\n<div class=\"wp-block-columns has-neve-text-color-color has-neve-link-color-background-color has-text-color has-background is-layout-flex wp-container-core-columns-is-layout-9d6595d7 wp-block-columns-is-layout-flex\" id=\"intensive\">\n<div class=\"wp-block-column is-layout-flow wp-block-column-is-layout-flow\" style=\"flex-basis:66.66%\">\n<h2 class=\"wp-block-heading has-nv-text-dark-bg-color has-text-color\" id=\"thai-einstiegskurs\">Thai Intensiv Kurs<\/h2>\n\n\n\n<h3 class=\"wp-block-heading has-nv-text-dark-bg-color has-text-color\" id=\"3-unterrichtsstunden-taglich-3-tage-pro-woche-2-unterrichtswochen\">4 Unterrichtsstunden t\u00e4glich \u2013 5 Tage pro Woche \u2013 4, 8, 12 or 24 Wochen Thaiunterricht<\/h3>\n<\/div>\n\n\n\n<div class=\"wp-block-column is-layout-flow wp-block-column-is-layout-flow\" style=\"flex-basis:33.33%\">\n<div class=\"wp-block-buttons is-content-justification-center is-layout-flex wp-container-core-buttons-is-layout-16018d1d wp-block-buttons-is-layout-flex\">\n<div class=\"wp-block-button\"><a class=\"wp-block-button__link has-neve-link-hover-color-color has-nv-site-bg-background-color has-text-color has-background has-link-color has-small-font-size has-custom-font-size wp-element-button\" href=\"https:\/\/www.phuket-languageschool.com\/de\/kontakt\/anmeldeformular\/\">book now<\/a><\/div>\n<\/div>\n<\/div>\n<\/div>\n\n\n\n<div class=\"wp-block-columns is-layout-flex wp-container-core-columns-is-layout-9d6595d7 wp-block-columns-is-layout-flex\">\n<div class=\"wp-block-column is-layout-flow wp-block-column-is-layout-flow\">\n<h3 class=\"wp-block-heading\" id=\"wann-findet-der-unterricht-statt-2\">Wann findet der Unterricht statt?<\/h3>\n\n\n\n<p>Jeden Monat beginnt ein neuer Thai-Intensivkurs.<\/p>\n\n\n\n<p>Es gibt drei Stufen: Anf\u00e4nger, Fortgeschrittene 1 und Fortgeschrittene 2. Nach Beendigung des Anf\u00e4ngerkurses k\u00f6nnen Sie in den folgenden Monaten die fortgeschrittenen Kurse besuchen.<\/p>\n\n\n\n<p>Unterricht ist von Montag bis Freitag und vier Stunden am Tag.<\/p>\n\n\n\n<h3 class=\"wp-block-heading\" id=\"was-kostet-das-2\">Was kostet das?<\/h3>\n\n\n\n<p>Der 1-Wochenintensivkurs kostet 8.650 Baht pro Person.<\/p>\n\n\n\n<p>Der 4-Wochenintensivkurs kostet 33.550 Baht pro Person.<\/p>\n\n\n\n<p>Der 8-Wochenintensivkurs kostet 64.500 Baht pro Person.<\/p>\n\n\n\n<p>Der 12-Wochenintensivkurs kostet 92.950 Baht pro Person.<\/p>\n<\/div>\n\n\n\n<div class=\"wp-block-column is-layout-flow wp-block-column-is-layout-flow\">\n<h3 class=\"wp-block-heading\" id=\"wie-viele-schuler-sind-in-einer-klasse-2\">Wie viele Sch\u00fcler sind in einer Klasse?<\/h3>\n\n\n\n<p>Dieser Kurs bietet bis zu zw\u00f6lf Sch\u00fclern Platz.<\/p>\n\n\n\n<h3 class=\"wp-block-heading\" id=\"was-fur-unterrichtsmaterial-wird-benutzt-2\">Was f\u00fcr Unterrichtsmaterial wird benutzt?<\/h3>\n\n\n\n<p>Alle notwendigen Unterrichtsmaterialien sind im Kurspreis enthalten.<\/p>\n\n\n\n<h3 class=\"wp-block-heading\" id=\"die-termine-der-nachsten-kurse-sind-1\">Die Termine der n\u00e4chsten Kurse sind:<\/h3>\n\n\n\n<div class=\"wp-block-columns is-layout-flex wp-container-core-columns-is-layout-9d6595d7 wp-block-columns-is-layout-flex\">\n<div class=\"wp-block-column is-layout-flow wp-block-column-is-layout-flow\">\n<iframe loading=\"lazy\" src=\"https:\/\/docs.google.com\/spreadsheets\/d\/1FABUl4_kcCbsGJ6VL--oPmqYF38OmoybQ4QkNGVFNbw\/pubhtml\/sheet?headers=false&amp;gid=0&amp;range=d4:d7\" width=\"175\" height=\"80\" frameborder=\"0\"><\/iframe>\n<\/div>\n\n\n\n<div class=\"wp-block-column is-layout-flow wp-block-column-is-layout-flow\">\n<iframe loading=\"lazy\" src=\"https:\/\/docs.google.com\/spreadsheets\/d\/1FABUl4_kcCbsGJ6VL--oPmqYF38OmoybQ4QkNGVFNbw\/pubhtml\/sheet?headers=false&amp;gid=0&amp;range=d8:d11\" width=\"175\" height=\"80\" frameborder=\"0\"><\/iframe>\n<\/div>\n\n\n\n<div class=\"wp-block-column is-layout-flow wp-block-column-is-layout-flow\">\n<iframe loading=\"lazy\" src=\"https:\/\/docs.google.com\/spreadsheets\/d\/1FABUl4_kcCbsGJ6VL--oPmqYF38OmoybQ4QkNGVFNbw\/pubhtml\/sheet?headers=false&amp;gid=0&amp;range=d12:d15\" width=\"175\" height=\"80\" frameborder=\"0\"><\/iframe>\n<\/div>\n<\/div>\n<\/div>\n<\/div>\n\n\n\n<div class=\"wp-block-columns has-neve-text-color-color has-neve-link-color-background-color has-text-color has-background is-layout-flex wp-container-core-columns-is-layout-9d6595d7 wp-block-columns-is-layout-flex\" id=\"private\">\n<div class=\"wp-block-column is-layout-flow wp-block-column-is-layout-flow\" style=\"flex-basis:66.66%\">\n<h2 class=\"wp-block-heading has-nv-text-dark-bg-color has-text-color\" id=\"thai-einstiegskurs\">Thai Einzelunterricht<\/h2>\n\n\n\n<h3 class=\"wp-block-heading has-nv-text-dark-bg-color has-text-color\" id=\"3-unterrichtsstunden-taglich-3-tage-pro-woche-2-unterrichtswochen\">1 or 2 Unterrichtsstunden t\u00e4glich \u2013 3 oder 5 Tage pro Woche \u2013 unbestimmter Unterrichtszeitraum<\/h3>\n<\/div>\n\n\n\n<div class=\"wp-block-column is-layout-flow wp-block-column-is-layout-flow\" style=\"flex-basis:33.33%\">\n<div class=\"wp-block-buttons is-content-justification-center is-layout-flex wp-container-core-buttons-is-layout-16018d1d wp-block-buttons-is-layout-flex\">\n<div class=\"wp-block-button\"><a class=\"wp-block-button__link has-neve-link-hover-color-color has-nv-site-bg-background-color has-text-color has-background has-link-color has-small-font-size has-custom-font-size wp-element-button\" href=\"https:\/\/www.phuket-languageschool.com\/de\/kontakt\/anmeldeformular\/\">book now<\/a><\/div>\n<\/div>\n<\/div>\n<\/div>\n\n\n\n<div class=\"wp-block-columns is-layout-flex wp-container-core-columns-is-layout-9d6595d7 wp-block-columns-is-layout-flex\">\n<div class=\"wp-block-column is-layout-flow wp-block-column-is-layout-flow\">\n<h3 class=\"wp-block-heading\" id=\"was-kostet-das-3\">Was kostet das?<\/h3>\n\n\n\n<p>Wir bieten eine Unterrichtsstunde zum Preis von 750 Baht an. 20 Stunden kosten 15.000 Baht. Das w\u00e4re ein vierw\u00f6chiger Kurs, mit einer Stunde pro Tag, von Montag bis Freitag.<\/p>\n\n\n\n<h3 class=\"wp-block-heading\" id=\"wann-findet-der-unterricht-statt-3\">Wann findet der Unterricht statt?<\/h3>\n\n\n\n<p>Sie k\u00f6nnen den Unterricht zwischen 9.00 und 19.00 Uhr, von Montag bis Freitag buchen. Die meisten Sch\u00fcler buchen ein oder zwei Stunden am Tag, f\u00fcnfmal pro Woche. Auch eine Unterrichtsstunde, dreimal pro Woche, ist sehr beliebt. Ihre individuellen Unterrichtszeiten sind von der Verf\u00fcgbarkeit des Lehrers abh\u00e4ngig.<\/p>\n<\/div>\n\n\n\n<div class=\"wp-block-column is-layout-flow wp-block-column-is-layout-flow\">\n<h3 class=\"wp-block-heading\" id=\"wie-viele-schuler-sind-in-einer-klasse-3\">Wie viele Sch\u00fcler sind in einer Klasse?<\/h3>\n\n\n\n<p>Im Einzelunterricht werden Sch\u00fcler einzeln vom Lehrer Unterrichtet.<\/p>\n\n\n\n<p>(Es k\u00f6nnen auch zwei oder mehr Personen diesen individuellen Unterricht buchen. Die Kosten betragen dann 475 Baht pro Stunde, pro Person.)<\/p>\n\n\n\n<h3 class=\"wp-block-heading\" id=\"was-fur-unterrichtsmaterial-wird-benutzt-3\">Was f\u00fcr Unterrichtsmaterial wird benutzt?<\/h3>\n\n\n\n<p>Wir haben verschiedene Materialien zur Auswahl, von denen wir mit Ihnen das geeignete Buch aussuchen. Wir haben Lehrb\u00fccher zum Sprechen, Schreiben und Lesen in verschiedenen Stufen.<\/p>\n<\/div>\n<\/div>\n","protected":false},"excerpt":{"rendered":"<p>Einstiegskurs 4.900 Baht GruppeAnf\u00e4nger8 Stunden pro WocheED-Visum? Nein2 Wochen Thai im Alltag 1.950 Baht GruppeAnf\u00e4nger4 Stunden pro WocheED-Visum? Ja1-48+ Wochen Intensiv Kurs 8.650 Baht GruppeAnf\u00e4nger bis Fortgeschrittene20 Stunden pro WocheED-Visum? Ja1-24 Wochen Einzelunterricht 750 Baht AlleineAnf\u00e4nger bis FortgeschritteneMinimum 3 pro WocheED-Visum? JaNach Wunsch Erfahrene, qualifizierte Lehrer Unser Thaiunterricht erfolgt durch erfahrene Muttersprachler. Wir benutzen unsere&hellip;&nbsp;<a href=\"https:\/\/www.phuket-languageschool.com\/de\/programme\/thai\/\" rel=\"bookmark\">Weiterlesen &raquo;<span class=\"screen-reader-text\">Thai<\/span><\/a><\/p>\n","protected":false},"author":8,"featured_media":0,"parent":1005,"menu_order":0,"comment_status":"closed","ping_status":"closed","template":"","meta":{"neve_meta_sidebar":"","neve_meta_container":"","neve_meta_enable_content_width":"","neve_meta_content_width":0,"neve_meta_title_alignment":"","neve_meta_author_avatar":"","neve_post_elements_order":"","neve_meta_disable_header":"","neve_meta_disable_footer":"","neve_meta_disable_title":"","footnotes":""},"class_list":["post-1065","page","type-page","status-publish","hentry"],"_links":{"self":[{"href":"https:\/\/www.phuket-languageschool.com\/de\/wp-json\/wp\/v2\/pages\/1065","targetHints":{"allow":["GET"]}}],"collection":[{"href":"https:\/\/www.phuket-languageschool.com\/de\/wp-json\/wp\/v2\/pages"}],"about":[{"href":"https:\/\/www.phuket-languageschool.com\/de\/wp-json\/wp\/v2\/types\/page"}],"author":[{"embeddable":true,"href":"https:\/\/www.phuket-languageschool.com\/de\/wp-json\/wp\/v2\/users\/8"}],"replies":[{"embeddable":true,"href":"https:\/\/www.phuket-languageschool.com\/de\/wp-json\/wp\/v2\/comments?post=1065"}],"version-history":[{"count":9,"href":"https:\/\/www.phuket-languageschool.com\/de\/wp-json\/wp\/v2\/pages\/1065\/revisions"}],"predecessor-version":[{"id":28698,"href":"https:\/\/www.phuket-languageschool.com\/de\/wp-json\/wp\/v2\/pages\/1065\/revisions\/28698"}],"up":[{"embeddable":true,"href":"https:\/\/www.phuket-languageschool.com\/de\/wp-json\/wp\/v2\/pages\/1005"}],"wp:attachment":[{"href":"https:\/\/www.phuket-languageschool.com\/de\/wp-json\/wp\/v2\/media?parent=1065"}],"curies":[{"name":"wp","href":"https:\/\/api.w.org\/{rel}","templated":true}]}}