{"id":1803,"date":"2010-09-11T10:23:24","date_gmt":"2010-09-11T03:23:24","guid":{"rendered":"http:\/\/phuket-languageschool.com\/"},"modified":"2022-02-07T12:37:31","modified_gmt":"2022-02-07T05:37:31","slug":"unsere-schule","status":"publish","type":"page","link":"https:\/\/www.phuket-languageschool.com\/de\/fragen-infos\/unsere-schule\/","title":{"rendered":"unsere Schule"},"content":{"rendered":"\n<h1 class=\"has-text-align-center wp-block-heading\" id=\"unsere-schule\">unsere Schule<\/h1>\n\n\n\n<div class=\"wp-block-columns is-layout-flex wp-container-core-columns-is-layout-9d6595d7 wp-block-columns-is-layout-flex\">\n<div class=\"wp-block-column is-layout-flow wp-block-column-is-layout-flow\">\n<h3 class=\"wp-block-heading\" id=\"die-pls-ist-phukets-fuhrende-sprachenschule\">Die PLS ist Phukets f\u00fchrende Sprachenschule<\/h3>\n\n\n\n<p>Die PLS ist Phukets gr\u00f6\u00dfte und f\u00fchrende Sprachenschule. Wir haben schon zehntausende Sch\u00fcler in verschiedenen Sprachen unterrichtet, denn wir bieten Vorz\u00fcge, die andere ans\u00e4ssige Schule einfach nicht bereitstellen k\u00f6nnen: ein entwickeltes Lernsystem, auf Kundenw\u00fcnsche zugeschnittenes Unterrichtsmaterial, erfahrende und qualifizierte Lehrer, komfortable und klimatisierte Klassenzimmer, au\u00dferdem sind wir in unmittelbarer Strandn\u00e4he.<\/p>\n\n\n\n<div class=\"wp-block-image\"><figure class=\"aligncenter\"><img loading=\"lazy\" decoding=\"async\" width=\"1000\" height=\"750\" src=\"http:\/\/www.phuket-languageschool.com\/anti\/wp-content\/uploads\/2017\/11\/Patong-Language-School-front-view.jpg\" alt=\"\" class=\"wp-image-10504\" srcset=\"https:\/\/www.phuket-languageschool.com\/anti\/wp-content\/uploads\/2017\/11\/Patong-Language-School-front-view.jpg 1000w, https:\/\/www.phuket-languageschool.com\/anti\/wp-content\/uploads\/2017\/11\/Patong-Language-School-front-view-300x225.jpg 300w, https:\/\/www.phuket-languageschool.com\/anti\/wp-content\/uploads\/2017\/11\/Patong-Language-School-front-view-768x576.jpg 768w\" sizes=\"auto, (max-width: 1000px) 100vw, 1000px\" \/><\/figure><\/div>\n\n\n\n<h3 class=\"wp-block-heading\" id=\"getestet-und-bestanden\">Getestet und bestanden<\/h3>\n\n\n\n<p>Unsere Unterrichtsmaterialien wurden \u00fcber 20 Jahre hinweg entwickelt, in der Praxis getestet und haben sich als wirkungsvoll erwiesen. Wir machen das Lernen einfach und effizient. Dabei verwenden wir interessante und alltagstaugliche Themen, wodurch die Sch\u00fcler selbstsicher ihre neue Sprache sprechen.<\/p>\n\n\n\n<div class=\"wp-block-image\"><figure class=\"aligncenter\"><img loading=\"lazy\" decoding=\"async\" width=\"1000\" height=\"750\" src=\"http:\/\/www.phuket-languageschool.com\/anti\/wp-content\/uploads\/2017\/11\/Patong-Language-School-classroom-3.jpg\" alt=\"\" class=\"wp-image-10500\" srcset=\"https:\/\/www.phuket-languageschool.com\/anti\/wp-content\/uploads\/2017\/11\/Patong-Language-School-classroom-3.jpg 1000w, https:\/\/www.phuket-languageschool.com\/anti\/wp-content\/uploads\/2017\/11\/Patong-Language-School-classroom-3-300x225.jpg 300w, https:\/\/www.phuket-languageschool.com\/anti\/wp-content\/uploads\/2017\/11\/Patong-Language-School-classroom-3-768x576.jpg 768w\" sizes=\"auto, (max-width: 1000px) 100vw, 1000px\" \/><\/figure><\/div>\n\n\n\n<h3 class=\"wp-block-heading\" id=\"grossartige-lage\">Gro\u00dfartige Lage!<\/h3>\n\n\n\n<p>Wir sind nur einige Minuten zu Fu\u00df vom feinsandigen, wei\u00dfen Strand in Patong entfernt. Besser geht es nicht!<\/p>\n\n\n\n<div class=\"wp-block-image\"><figure class=\"aligncenter\"><img loading=\"lazy\" decoding=\"async\" width=\"1000\" height=\"663\" src=\"http:\/\/www.phuket-languageschool.com\/anti\/wp-content\/uploads\/2017\/11\/Patong-Language-School-classroom.jpg\" alt=\"\" class=\"wp-image-10498\" srcset=\"https:\/\/www.phuket-languageschool.com\/anti\/wp-content\/uploads\/2017\/11\/Patong-Language-School-classroom.jpg 1000w, https:\/\/www.phuket-languageschool.com\/anti\/wp-content\/uploads\/2017\/11\/Patong-Language-School-classroom-300x199.jpg 300w, https:\/\/www.phuket-languageschool.com\/anti\/wp-content\/uploads\/2017\/11\/Patong-Language-School-classroom-768x509.jpg 768w\" sizes=\"auto, (max-width: 1000px) 100vw, 1000px\" \/><\/figure><\/div>\n\n\n\n<div class=\"wp-block-image\"><figure class=\"aligncenter\"><img loading=\"lazy\" decoding=\"async\" width=\"1000\" height=\"663\" src=\"http:\/\/www.phuket-languageschool.com\/anti\/wp-content\/uploads\/2017\/11\/Patong-Language-School-elevator-lobby.jpg\" alt=\"\" class=\"wp-image-10503\" srcset=\"https:\/\/www.phuket-languageschool.com\/anti\/wp-content\/uploads\/2017\/11\/Patong-Language-School-elevator-lobby.jpg 1000w, https:\/\/www.phuket-languageschool.com\/anti\/wp-content\/uploads\/2017\/11\/Patong-Language-School-elevator-lobby-300x199.jpg 300w, https:\/\/www.phuket-languageschool.com\/anti\/wp-content\/uploads\/2017\/11\/Patong-Language-School-elevator-lobby-768x509.jpg 768w\" sizes=\"auto, (max-width: 1000px) 100vw, 1000px\" \/><\/figure><\/div>\n<\/div>\n\n\n\n<div class=\"wp-block-column is-layout-flow wp-block-column-is-layout-flow\">\n<h3 class=\"wp-block-heading\" id=\"mehr-als-38-jahre-erfahrung-und-standig-fuhrend\">Mehr als 38 Jahre Erfahrung und st\u00e4ndig f\u00fchrend<\/h3>\n\n\n\n<p>1983 wurde die PLS als Phukets erste Sprachenschule amtlich zugelassen. Viele andere Schulen kamen und gingen w\u00e4hrend dieser Zeit, nur die PLS hat ihre f\u00fchrende Rolle stets behauptet. Wir haben mehr Sch\u00fclern geholfen, eine neue Sprache zu erlernen oder ihre Kommunikationsf\u00e4higkeit zu verbessern, als jede andere Sprachschule auf der Insel.<\/p>\n\n\n\n<div class=\"wp-block-image\"><figure class=\"aligncenter\"><img loading=\"lazy\" decoding=\"async\" width=\"1000\" height=\"663\" src=\"http:\/\/www.phuket-languageschool.com\/anti\/wp-content\/uploads\/2017\/11\/Patong-Language-School-reception.jpg\" alt=\"\" class=\"wp-image-10506\" srcset=\"https:\/\/www.phuket-languageschool.com\/anti\/wp-content\/uploads\/2017\/11\/Patong-Language-School-reception.jpg 1000w, https:\/\/www.phuket-languageschool.com\/anti\/wp-content\/uploads\/2017\/11\/Patong-Language-School-reception-300x199.jpg 300w, https:\/\/www.phuket-languageschool.com\/anti\/wp-content\/uploads\/2017\/11\/Patong-Language-School-reception-768x509.jpg 768w\" sizes=\"auto, (max-width: 1000px) 100vw, 1000px\" \/><\/figure><\/div>\n\n\n\n<h3 class=\"wp-block-heading\" id=\"thailands-erste-qualitatsgeprufte-private-sprachschule\">Thailands erste qualit\u00e4tsgepr\u00fcfte private Sprachschule<\/h3>\n\n\n\n<p>Die Patong Language School ist die einzige Sprachschule, welche die Pr\u00fcfung durch das Amt f\u00fcr private Bildung (OPEC) erfolgreich passiert hat! Das ist Ihre Qualit\u00e4tsgarantie.<\/p>\n\n\n\n<div class=\"wp-block-image\"><figure class=\"aligncenter\"><img loading=\"lazy\" decoding=\"async\" width=\"1000\" height=\"750\" src=\"http:\/\/www.phuket-languageschool.com\/anti\/wp-content\/uploads\/2017\/11\/Patong-Language-School-stairwell-and-elevator.jpg\" alt=\"\" class=\"wp-image-10507\" srcset=\"https:\/\/www.phuket-languageschool.com\/anti\/wp-content\/uploads\/2017\/11\/Patong-Language-School-stairwell-and-elevator.jpg 1000w, https:\/\/www.phuket-languageschool.com\/anti\/wp-content\/uploads\/2017\/11\/Patong-Language-School-stairwell-and-elevator-300x225.jpg 300w, https:\/\/www.phuket-languageschool.com\/anti\/wp-content\/uploads\/2017\/11\/Patong-Language-School-stairwell-and-elevator-768x576.jpg 768w\" sizes=\"auto, (max-width: 1000px) 100vw, 1000px\" \/><\/figure><\/div>\n\n\n\n<p>OPEC ist eine offizielle Abteilung, die dem Thail\u00e4ndischen Bildungsministerium untersteht, welche f\u00fcr die Zulassung von privaten Schulen zust\u00e4ndig ist. Die OPEC hat die Patong Language School f\u00fcr einen ersten Test ihrer in 2009 eingef\u00fchrten Qualit\u00e4tspr\u00fcfung f\u00fcr Schulen ausgesucht. Schulen und Lehreinrichtungen in Thailand werden sich in 2010 und 2011 dieser Pr\u00fcfung unterziehen.<\/p>\n\n\n\n<div class=\"wp-block-image\"><figure class=\"aligncenter\"><img loading=\"lazy\" decoding=\"async\" width=\"1024\" height=\"768\" src=\"http:\/\/www.phuket-languageschool.com\/anti\/wp-content\/uploads\/2019\/04\/IMG_20190301_084547-1024x768.jpg\" alt=\"\" class=\"wp-image-11665\" srcset=\"https:\/\/www.phuket-languageschool.com\/anti\/wp-content\/uploads\/2019\/04\/IMG_20190301_084547-1024x768.jpg 1024w, https:\/\/www.phuket-languageschool.com\/anti\/wp-content\/uploads\/2019\/04\/IMG_20190301_084547-300x225.jpg 300w, https:\/\/www.phuket-languageschool.com\/anti\/wp-content\/uploads\/2019\/04\/IMG_20190301_084547-768x576.jpg 768w\" sizes=\"auto, (max-width: 1024px) 100vw, 1024px\" \/><\/figure><\/div>\n\n\n\n<p>Das Ministerium und die OPEC waren \u00fcberzeugt, dass die PLS ideale Voraussetzungen f\u00fcr den Test ihres Systems und ihrer Pr\u00fcfer bieten w\u00fcrde. Das Bildungsministerium erkannte unsere hohen Standards, womit die PLS erste Wahl zur Durchf\u00fchrung des neuen Qualit\u00e4tstests f\u00fcr thail\u00e4ndische Bildungseinrichtungen wurde.<\/p>\n\n\n\n<p><\/p>\n\n\n\n<div class=\"wp-block-image\"><figure class=\"aligncenter\"><img loading=\"lazy\" decoding=\"async\" width=\"1000\" height=\"750\" src=\"http:\/\/www.phuket-languageschool.com\/anti\/wp-content\/uploads\/2017\/11\/Patong-Language-School-elevator-and-stairwell.jpg\" alt=\"\" class=\"wp-image-10502\" srcset=\"https:\/\/www.phuket-languageschool.com\/anti\/wp-content\/uploads\/2017\/11\/Patong-Language-School-elevator-and-stairwell.jpg 1000w, https:\/\/www.phuket-languageschool.com\/anti\/wp-content\/uploads\/2017\/11\/Patong-Language-School-elevator-and-stairwell-300x225.jpg 300w, https:\/\/www.phuket-languageschool.com\/anti\/wp-content\/uploads\/2017\/11\/Patong-Language-School-elevator-and-stairwell-768x576.jpg 768w\" sizes=\"auto, (max-width: 1000px) 100vw, 1000px\" \/><\/figure><\/div>\n<\/div>\n<\/div>\n","protected":false},"excerpt":{"rendered":"<p>unsere Schule Die PLS ist Phukets f\u00fchrende Sprachenschule Die PLS ist Phukets gr\u00f6\u00dfte und f\u00fchrende Sprachenschule. Wir haben schon zehntausende Sch\u00fcler in verschiedenen Sprachen unterrichtet, denn wir bieten Vorz\u00fcge, die andere ans\u00e4ssige Schule einfach nicht bereitstellen k\u00f6nnen: ein entwickeltes Lernsystem, auf Kundenw\u00fcnsche zugeschnittenes Unterrichtsmaterial, erfahrende und qualifizierte Lehrer, komfortable und klimatisierte Klassenzimmer, au\u00dferdem sind wir&hellip;&nbsp;<a href=\"https:\/\/www.phuket-languageschool.com\/de\/fragen-infos\/unsere-schule\/\" rel=\"bookmark\">Weiterlesen &raquo;<span class=\"screen-reader-text\">unsere Schule<\/span><\/a><\/p>\n","protected":false},"author":8,"featured_media":0,"parent":1053,"menu_order":0,"comment_status":"closed","ping_status":"closed","template":"","meta":{"neve_meta_sidebar":"","neve_meta_container":"","neve_meta_enable_content_width":"","neve_meta_content_width":0,"neve_meta_title_alignment":"","neve_meta_author_avatar":"","neve_post_elements_order":"","neve_meta_disable_header":"","neve_meta_disable_footer":"","neve_meta_disable_title":"","footnotes":""},"class_list":["post-1803","page","type-page","status-publish","hentry"],"_links":{"self":[{"href":"https:\/\/www.phuket-languageschool.com\/de\/wp-json\/wp\/v2\/pages\/1803","targetHints":{"allow":["GET"]}}],"collection":[{"href":"https:\/\/www.phuket-languageschool.com\/de\/wp-json\/wp\/v2\/pages"}],"about":[{"href":"https:\/\/www.phuket-languageschool.com\/de\/wp-json\/wp\/v2\/types\/page"}],"author":[{"embeddable":true,"href":"https:\/\/www.phuket-languageschool.com\/de\/wp-json\/wp\/v2\/users\/8"}],"replies":[{"embeddable":true,"href":"https:\/\/www.phuket-languageschool.com\/de\/wp-json\/wp\/v2\/comments?post=1803"}],"version-history":[{"count":3,"href":"https:\/\/www.phuket-languageschool.com\/de\/wp-json\/wp\/v2\/pages\/1803\/revisions"}],"predecessor-version":[{"id":14476,"href":"https:\/\/www.phuket-languageschool.com\/de\/wp-json\/wp\/v2\/pages\/1803\/revisions\/14476"}],"up":[{"embeddable":true,"href":"https:\/\/www.phuket-languageschool.com\/de\/wp-json\/wp\/v2\/pages\/1053"}],"wp:attachment":[{"href":"https:\/\/www.phuket-languageschool.com\/de\/wp-json\/wp\/v2\/media?parent=1803"}],"curies":[{"name":"wp","href":"https:\/\/api.w.org\/{rel}","templated":true}]}}