{"id":2149,"date":"2010-12-09T14:03:49","date_gmt":"2010-12-09T07:03:49","guid":{"rendered":"http:\/\/www.phuket-languageschool.com\/"},"modified":"2026-01-18T10:46:00","modified_gmt":"2026-01-18T03:46:00","slug":"zahlung","status":"publish","type":"page","link":"https:\/\/www.phuket-languageschool.com\/de\/kontakt\/zahlung\/","title":{"rendered":"Zahlung"},"content":{"rendered":"\n<h1 class=\"wp-block-heading has-text-align-center\" id=\"zahlungsmethoden\">Zahlungsmethoden<\/h1>\n\n\n\n<h2 class=\"wp-block-heading has-text-align-center\" id=\"wie-zahle-ich-meinen-sprachkurs\">Wie zahle ich meinen Sprachkurs<\/h2>\n\n\n\n<hr class=\"wp-block-separator has-text-color has-neve-link-color-color has-css-opacity has-neve-link-color-background-color has-background is-style-wide\"\/>\n\n\n\n<h3 class=\"wp-block-heading has-text-align-center\" id=\"ausserhalb-thailands-bezahlen\">Au\u00dferhalb Thailands bezahlen<\/h3>\n\n\n\n<h4 class=\"wp-block-heading has-text-align-center\" id=\"mit-kreditkarte-oder-auslands-bankuberweisung\">Mit Kreditkarte oder Auslands-Bank\u00fcberweisung<\/h4>\n\n\n\n<p>Bitte registrieren Sie sich auf <a href=\"http:\/\/wise.com\/\" target=\"_blank\" rel=\"noreferrer noopener\">wise.com<\/a>. Jetzt k\u00f6nnen Sie an den Empf\u00e4nger <strong>@patonglanguageschool<\/strong> \u00fcberweisen oder per Kreditkarte bezahlen. Kontodaten sind nicht erforderlich.<\/p>\n\n\n\n<p>W\u00e4hlen Sie den Betrag in Thai-Baht und Wise errechnet den Betrag in Ihrer W\u00e4hrung. Dabei erhalten Sie immer den bestm\u00f6glichen Kurs.<\/p>\n\n\n\n<p>Bei Zahlung mit Kreditkarte erheben einige Banken eine Geb\u00fchr wie bei einer Bargeldabhebung. Bitte fragen Sie bei bei Ihrer Bank nach, um unerwartete Kosten zu vermeiden.<\/p>\n\n\n\n<hr class=\"wp-block-separator has-text-color has-neve-link-color-color has-css-opacity has-neve-link-color-background-color has-background is-style-wide\"\/>\n\n\n\n<h3 class=\"wp-block-heading has-text-align-center\" id=\"innerhalb-thailands-bezahlen\">Innerhalb Thailands bezahlen<\/h3>\n\n\n\n<h4 class=\"wp-block-heading has-text-align-center\" id=\"bankuberweisung\">Bank\u00fcberweisung<\/h4>\n\n\n\n<p>Zahlungen innerhalb Thailands k\u00f6nnen Sie \u00fcber folgendes Konto t\u00e4tigen<\/p>\n\n\n\n<p><strong>Name der Bank:<\/strong> Siam Commercial Bank PLC<br><strong>Filiale:<\/strong> Patong (Phuket) Branch<br><strong>Adresse der Bank:<\/strong> 83 Rath-u-thit 200 Pee Road, Patong Beach, Kathu, Phuket 83150<br><strong>Kontoinhaber:<\/strong> Patong Language School<br><strong>Kontonummer:<\/strong> 601-296205-8<\/p>\n\n\n\n<p><br><\/p>\n","protected":false},"excerpt":{"rendered":"<p>Zahlungsmethoden Wie zahle ich meinen Sprachkurs Au\u00dferhalb Thailands bezahlen Mit Kreditkarte oder Auslands-Bank\u00fcberweisung Bitte registrieren Sie sich auf wise.com. Jetzt k\u00f6nnen Sie an den Empf\u00e4nger @patonglanguageschool \u00fcberweisen oder per Kreditkarte bezahlen. Kontodaten sind nicht erforderlich. W\u00e4hlen Sie den Betrag in Thai-Baht und Wise errechnet den Betrag in Ihrer W\u00e4hrung. Dabei erhalten Sie immer den bestm\u00f6glichen&hellip;&nbsp;<a href=\"https:\/\/www.phuket-languageschool.com\/de\/kontakt\/zahlung\/\" rel=\"bookmark\">Weiterlesen &raquo;<span class=\"screen-reader-text\">Zahlung<\/span><\/a><\/p>\n","protected":false},"author":8,"featured_media":0,"parent":1055,"menu_order":0,"comment_status":"closed","ping_status":"closed","template":"","meta":{"neve_meta_sidebar":"","neve_meta_container":"","neve_meta_enable_content_width":"","neve_meta_content_width":0,"neve_meta_title_alignment":"","neve_meta_author_avatar":"","neve_post_elements_order":"","neve_meta_disable_header":"","neve_meta_disable_footer":"","neve_meta_disable_title":"","footnotes":""},"class_list":["post-2149","page","type-page","status-publish","hentry"],"_links":{"self":[{"href":"https:\/\/www.phuket-languageschool.com\/de\/wp-json\/wp\/v2\/pages\/2149","targetHints":{"allow":["GET"]}}],"collection":[{"href":"https:\/\/www.phuket-languageschool.com\/de\/wp-json\/wp\/v2\/pages"}],"about":[{"href":"https:\/\/www.phuket-languageschool.com\/de\/wp-json\/wp\/v2\/types\/page"}],"author":[{"embeddable":true,"href":"https:\/\/www.phuket-languageschool.com\/de\/wp-json\/wp\/v2\/users\/8"}],"replies":[{"embeddable":true,"href":"https:\/\/www.phuket-languageschool.com\/de\/wp-json\/wp\/v2\/comments?post=2149"}],"version-history":[{"count":8,"href":"https:\/\/www.phuket-languageschool.com\/de\/wp-json\/wp\/v2\/pages\/2149\/revisions"}],"predecessor-version":[{"id":28681,"href":"https:\/\/www.phuket-languageschool.com\/de\/wp-json\/wp\/v2\/pages\/2149\/revisions\/28681"}],"up":[{"embeddable":true,"href":"https:\/\/www.phuket-languageschool.com\/de\/wp-json\/wp\/v2\/pages\/1055"}],"wp:attachment":[{"href":"https:\/\/www.phuket-languageschool.com\/de\/wp-json\/wp\/v2\/media?parent=2149"}],"curies":[{"name":"wp","href":"https:\/\/api.w.org\/{rel}","templated":true}]}}