{"id":2688,"date":"2011-06-05T13:23:09","date_gmt":"2011-06-05T06:23:09","guid":{"rendered":"http:\/\/www.phuket-languageschool.com\/?page_id=2688"},"modified":"2022-02-06T14:03:59","modified_gmt":"2022-02-06T07:03:59","slug":"unsere-lehrer","status":"publish","type":"page","link":"https:\/\/www.phuket-languageschool.com\/de\/fragen-infos\/unsere-lehrer\/","title":{"rendered":"Unsere Lehrer"},"content":{"rendered":"\n<h1 class=\"has-text-align-center wp-block-heading\" id=\"unsere-lehrer\">unsere Lehrer<\/h1>\n\n\n\n<div class=\"wp-block-columns is-layout-flex wp-container-core-columns-is-layout-9d6595d7 wp-block-columns-is-layout-flex\">\n<div class=\"wp-block-column is-layout-flow wp-block-column-is-layout-flow\">\n<p>Alle Lehrer an der Patong Language School haben ein Diplom, eine abgeschlossene Lehrerausbildung (TEFL, TESL, TESOL, CELTA, DELTA) und sind vom Thail\u00e4ndischen Ministerium f\u00fcr Bildung anerkannt. Wir veranstalten regelm\u00e4\u00dfige Seminare zur Weiterbilung unserer Lehrkr\u00e4fte.<\/p>\n\n\n\n<p>Ein guter Lehrer macht den Unterschied. Deshalb haben alle PLS-Lehrer eine spezielle Qualifikation. Wir haben in der Schule unser eigenes Ausbildungszentrum, wodurch wir jeden Lehrer auf seine F\u00e4higkeit Sch\u00fcler zu motivieren und zu unterrichten, genau vorbereiten k\u00f6nnen.<\/p>\n<\/div>\n\n\n\n<div class=\"wp-block-column is-layout-flow wp-block-column-is-layout-flow\">\n<p>Die Lehrer an der Patong Language School verstehen es, die Sch\u00fcler zum Lernen zu motivieren und es findet kein stupides Auswendiglernen wie an anderen Schulen statt. Unsere Lehrkr\u00e4fte gestalten den Unterricht anregend und unterhaltsam f\u00fcr die Sch\u00fcler.<\/p>\n\n\n\n<p>Unser Sprachunerricht erfolgt in der Regel durch Muttersprachler. Unsere jahrelange Erfahrung hat aber gezeigt, dass thail\u00e4ndische Sch\u00fcler im Anf\u00e4ngerstadium besser lernen, wenn sie von einem qualifizierten Thai-Lehrer unterichtet werden. Darum besch\u00e4ftigen wir einige thail\u00e4ndische Lehrkr\u00e4fte, welche wir im Vorfeld gr\u00fcndlich auf deren Aufgabenbereich vorbereitet haben.<\/p>\n<\/div>\n<\/div>\n","protected":false},"excerpt":{"rendered":"<p>unsere Lehrer Alle Lehrer an der Patong Language School haben ein Diplom, eine abgeschlossene Lehrerausbildung (TEFL, TESL, TESOL, CELTA, DELTA) und sind vom Thail\u00e4ndischen Ministerium f\u00fcr Bildung anerkannt. Wir veranstalten regelm\u00e4\u00dfige Seminare zur Weiterbilung unserer Lehrkr\u00e4fte. Ein guter Lehrer macht den Unterschied. Deshalb haben alle PLS-Lehrer eine spezielle Qualifikation. Wir haben in der Schule unser&hellip;&nbsp;<a href=\"https:\/\/www.phuket-languageschool.com\/de\/fragen-infos\/unsere-lehrer\/\" rel=\"bookmark\">Weiterlesen &raquo;<span class=\"screen-reader-text\">Unsere Lehrer<\/span><\/a><\/p>\n","protected":false},"author":8,"featured_media":0,"parent":1053,"menu_order":0,"comment_status":"closed","ping_status":"closed","template":"","meta":{"neve_meta_sidebar":"","neve_meta_container":"","neve_meta_enable_content_width":"","neve_meta_content_width":0,"neve_meta_title_alignment":"","neve_meta_author_avatar":"","neve_post_elements_order":"","neve_meta_disable_header":"","neve_meta_disable_footer":"","neve_meta_disable_title":"","footnotes":""},"class_list":["post-2688","page","type-page","status-publish","hentry"],"_links":{"self":[{"href":"https:\/\/www.phuket-languageschool.com\/de\/wp-json\/wp\/v2\/pages\/2688","targetHints":{"allow":["GET"]}}],"collection":[{"href":"https:\/\/www.phuket-languageschool.com\/de\/wp-json\/wp\/v2\/pages"}],"about":[{"href":"https:\/\/www.phuket-languageschool.com\/de\/wp-json\/wp\/v2\/types\/page"}],"author":[{"embeddable":true,"href":"https:\/\/www.phuket-languageschool.com\/de\/wp-json\/wp\/v2\/users\/8"}],"replies":[{"embeddable":true,"href":"https:\/\/www.phuket-languageschool.com\/de\/wp-json\/wp\/v2\/comments?post=2688"}],"version-history":[{"count":2,"href":"https:\/\/www.phuket-languageschool.com\/de\/wp-json\/wp\/v2\/pages\/2688\/revisions"}],"predecessor-version":[{"id":14333,"href":"https:\/\/www.phuket-languageschool.com\/de\/wp-json\/wp\/v2\/pages\/2688\/revisions\/14333"}],"up":[{"embeddable":true,"href":"https:\/\/www.phuket-languageschool.com\/de\/wp-json\/wp\/v2\/pages\/1053"}],"wp:attachment":[{"href":"https:\/\/www.phuket-languageschool.com\/de\/wp-json\/wp\/v2\/media?parent=2688"}],"curies":[{"name":"wp","href":"https:\/\/api.w.org\/{rel}","templated":true}]}}