{"id":2690,"date":"2011-06-05T13:29:42","date_gmt":"2011-06-05T06:29:42","guid":{"rendered":"http:\/\/www.phuket-languageschool.com\/?page_id=2690"},"modified":"2022-02-06T14:07:47","modified_gmt":"2022-02-06T07:07:47","slug":"patong-phuket","status":"publish","type":"page","link":"https:\/\/www.phuket-languageschool.com\/de\/fragen-infos\/patong-phuket\/","title":{"rendered":"Patong &#038; Phuket"},"content":{"rendered":"\n<h1 class=\"has-text-align-center wp-block-heading\" id=\"patong-phuket\">Patong &amp; Phuket<\/h1>\n\n\n\n<h2 class=\"wp-block-heading\" id=\"phuket\">Phuket<\/h2>\n\n\n\n<p>Phuket ist Thailands gr\u00f6\u00dfte Insel und hat mit Patong Beach eines der bekanntesen Ferienziele der Welt. Der besondere Charme der Insel ist ihre Westk\u00fcste mit vielen traumhaften Buchten und feisandigen wei\u00dfen Sandstr\u00e4nden, welche von felsigen Aussichtspunkten voneinander abgetrennt sind. Dadurch bietet die Insel viele intime Str\u00e4nde und nicht einen langen Strand, der von Hotelburgen und Menschenmassen gekennzeichnet ist. Phuket ist ein gut entwickeltes Urlaubsziel mit einem gro\u00dfen Angebot f\u00fcr Wassersportler und Sonnenhungrige.<\/p>\n\n\n\n<div class=\"wp-block-image\"><figure class=\"aligncenter\"><img loading=\"lazy\" decoding=\"async\" width=\"1024\" height=\"478\" src=\"http:\/\/www.phuket-languageschool.com\/anti\/wp-content\/uploads\/2016\/01\/phuket_phang_nga_bay-1024x478.jpg\" alt=\"\" class=\"wp-image-6099\" srcset=\"https:\/\/www.phuket-languageschool.com\/anti\/wp-content\/uploads\/2016\/01\/phuket_phang_nga_bay.jpg 1024w, https:\/\/www.phuket-languageschool.com\/anti\/wp-content\/uploads\/2016\/01\/phuket_phang_nga_bay-300x140.jpg 300w, https:\/\/www.phuket-languageschool.com\/anti\/wp-content\/uploads\/2016\/01\/phuket_phang_nga_bay-768x358.jpg 768w\" sizes=\"auto, (max-width: 1024px) 100vw, 1024px\" \/><\/figure><\/div>\n\n\n\n<h2 class=\"wp-block-heading\" id=\"patong\">Patong<\/h2>\n\n\n\n<p>Patong ist der bekannteste Ort auf Phuket, der eine gro\u00dfe Vielfalt an Freizeitaktivit\u00e4ten und ein abwechslungsreiches Nachtleben bietet. Ein idealer Ort zum Erholen und Feiern. Hunderte Restaurants, Lounges, Bars und nat\u00fcrlich auch Diskotheken garantieren ein buntes Nachtleben. Die meisten dieser Orte befinden sich in der Umgebung der Soi Bangla. Es lassen sich aber auch gen\u00fcgend ruhigere Pl\u00e4tze finden.<\/p>\n\n\n\n<p>Wir sind fest \u00fcberzeugt, dass es keinen besseren Ort f\u00fcr einen Sprachkus gibt. Kommen Sie einfach her und \u00fcberzeugen Sie sich selbst!<\/p>\n","protected":false},"excerpt":{"rendered":"<p>Patong &amp; Phuket Phuket Phuket ist Thailands gr\u00f6\u00dfte Insel und hat mit Patong Beach eines der bekanntesen Ferienziele der Welt. Der besondere Charme der Insel ist ihre Westk\u00fcste mit vielen traumhaften Buchten und feisandigen wei\u00dfen Sandstr\u00e4nden, welche von felsigen Aussichtspunkten voneinander abgetrennt sind. Dadurch bietet die Insel viele intime Str\u00e4nde und nicht einen langen Strand,&hellip;&nbsp;<a href=\"https:\/\/www.phuket-languageschool.com\/de\/fragen-infos\/patong-phuket\/\" rel=\"bookmark\">Weiterlesen &raquo;<span class=\"screen-reader-text\">Patong &#038; Phuket<\/span><\/a><\/p>\n","protected":false},"author":8,"featured_media":0,"parent":1053,"menu_order":0,"comment_status":"closed","ping_status":"closed","template":"","meta":{"neve_meta_sidebar":"","neve_meta_container":"","neve_meta_enable_content_width":"","neve_meta_content_width":0,"neve_meta_title_alignment":"","neve_meta_author_avatar":"","neve_post_elements_order":"","neve_meta_disable_header":"","neve_meta_disable_footer":"","neve_meta_disable_title":"","footnotes":""},"class_list":["post-2690","page","type-page","status-publish","hentry"],"_links":{"self":[{"href":"https:\/\/www.phuket-languageschool.com\/de\/wp-json\/wp\/v2\/pages\/2690","targetHints":{"allow":["GET"]}}],"collection":[{"href":"https:\/\/www.phuket-languageschool.com\/de\/wp-json\/wp\/v2\/pages"}],"about":[{"href":"https:\/\/www.phuket-languageschool.com\/de\/wp-json\/wp\/v2\/types\/page"}],"author":[{"embeddable":true,"href":"https:\/\/www.phuket-languageschool.com\/de\/wp-json\/wp\/v2\/users\/8"}],"replies":[{"embeddable":true,"href":"https:\/\/www.phuket-languageschool.com\/de\/wp-json\/wp\/v2\/comments?post=2690"}],"version-history":[{"count":2,"href":"https:\/\/www.phuket-languageschool.com\/de\/wp-json\/wp\/v2\/pages\/2690\/revisions"}],"predecessor-version":[{"id":14338,"href":"https:\/\/www.phuket-languageschool.com\/de\/wp-json\/wp\/v2\/pages\/2690\/revisions\/14338"}],"up":[{"embeddable":true,"href":"https:\/\/www.phuket-languageschool.com\/de\/wp-json\/wp\/v2\/pages\/1053"}],"wp:attachment":[{"href":"https:\/\/www.phuket-languageschool.com\/de\/wp-json\/wp\/v2\/media?parent=2690"}],"curies":[{"name":"wp","href":"https:\/\/api.w.org\/{rel}","templated":true}]}}