{"id":2694,"date":"2011-06-05T13:38:33","date_gmt":"2011-06-05T06:38:33","guid":{"rendered":"http:\/\/www.phuket-languageschool.com\/?page_id=2694"},"modified":"2022-02-06T14:05:18","modified_gmt":"2022-02-06T07:05:18","slug":"unsere-bucher","status":"publish","type":"page","link":"https:\/\/www.phuket-languageschool.com\/de\/fragen-infos\/unsere-bucher\/","title":{"rendered":"Unsere B\u00fccher"},"content":{"rendered":"\n<h1 class=\"has-text-align-center wp-block-heading\" id=\"unsere-bucher\">unsere B\u00fccher<\/h1>\n\n\n\n<div class=\"wp-block-columns is-layout-flex wp-container-core-columns-is-layout-9d6595d7 wp-block-columns-is-layout-flex\">\n<div class=\"wp-block-column is-layout-flow wp-block-column-is-layout-flow\">\n<h3 class=\"wp-block-heading\" id=\"englisch-fur-thailandische-schuler\">Englisch f\u00fcr thail\u00e4ndische Sch\u00fcler<\/h3>\n\n\n\n<p>Wir haben eine Serie von acht Englischb\u00fcchern f\u00fcr thail\u00e4ndische Sch\u00fcler entwickelt, welche vom Anf\u00e4nger- bis zum Fortgeschrittenenniveau reicht. Danach benutzen wir die \u201eNew Headway- Serie\u201c, welche weiter unten beschrieben wird.<\/p>\n\n\n\n<p>Unsere B\u00fccher beginnen mit dem Alphabet, einfachen Satzkonstruktionen, Benutzung von Verben und Adjektiven, Zeitangaben und f\u00fchren dann zu ersten einfachen Dialogen. Die B\u00fccher bauen aufeinander auf, wobei der Schwierigkeitsgrad langsam ansteigt, um so den Sch\u00fclern einen stetigen Fortschritt und Lernerfolg bei der Benutzung der englischen Sprache im Alltag zu erm\u00f6glichen.<\/p>\n\n\n\n<h3 class=\"wp-block-heading\" id=\"thailehrbucher\">Thailehrb\u00fccher<\/h3>\n\n\n\n<p>Die Patong Language Schule produziert eigene B\u00fccher, welche den Gebrauch der thail\u00e4ndischen Sprache im Alltag vermitteln. Dabei wird Lautschrift verwendet und optional auch thail\u00e4ndische Schriftzeichen f\u00fcr diejenigen, die auch Lesen und Schreiben lernen wollen.<\/p>\n\n\n\n<p>Unsere B\u00fccher wurden im Laufe der Jahre st\u00e4ndig \u00fcberarbeitet und weiterentwickelt. Thail\u00e4ndisch zu lernen ist einfacher als Sie denken. Probieren Sie einfach mal aus! Hier sind unsere B\u00fccher:<\/p>\n\n\n\n<ul class=\"wp-block-list\"><li>Anf\u00e4nger<\/li><li>Thai im Alltag<\/li><li>Thai sprechen I<\/li><li>Thai sprechen II<\/li><li>Thai sprechen III<\/li><li>Thai sprechen IV<\/li><li>Thai lesen I<\/li><li>Thai lesen II<\/li><\/ul>\n<\/div>\n\n\n\n<div class=\"wp-block-column is-layout-flow wp-block-column-is-layout-flow\">\n<h3 class=\"wp-block-heading\" id=\"englisch-fur-jeden\">Englisch f\u00fcr jeden<\/h3>\n\n\n\n<p>Die Patong Language Schule verwendet die popul\u00e4ren Englischlehrb\u00fccher der New Headway-Reihe. Dieses Lehrmaterial vereint traditionelle und moderne Unterrichtsmethoden, welche anhand von interessanten Texten durchgef\u00fchrt werden. Es gibt die folgenden sechs B\u00e4nde:<\/p>\n\n\n\n<ul class=\"wp-block-list\"><li>Beginner<\/li><li>Elementary<\/li><li>Pre-Intermediate<\/li><li>Intermediate<\/li><li>Upper-Intermediate<\/li><li>Advanced<\/li><\/ul>\n\n\n\n<p>Die B\u00fccher sind in Bezug auf die zu erlenenden Grammatikpunkte klar strukturiert. Die grammatikalischen Strukturen sind in Texte verpackt, wodurch das intuitive Erlernen gef\u00f6rdert wird. Am Ende jedes einzelnen Bandes sind die Grammatikpunkte zu jeder Lektion \u00fcbersichtlich aufgelistet.<\/p>\n\n\n\n<p>Au\u00dferdem gibt es Aufgabenb\u00fccher zu den entsprechenden B\u00e4nden, die viele erg\u00e4nzende \u00dcbungen enthalten, wodurch Vokabeln und Grammatik wiederholt werden, was den Lernerfolg erh\u00f6ht.<\/p>\n\n\n\n<h3 class=\"wp-block-heading\" id=\"weitere-sprachen\">Weitere Sprachen<\/h3>\n\n\n\n<p>Unsere Schule hat auch eine gro\u00dfe Auswahl an B\u00fcchern f\u00fcr Deutsch und Japanisch, f\u00fcr Anf\u00e4nger und Fortgeschrittene, im Angebot. Unsere Lehrer werden ihnen bei der Auswahl des richtigen Buches behilflich sein.<\/p>\n<\/div>\n<\/div>\n","protected":false},"excerpt":{"rendered":"<p>unsere B\u00fccher Englisch f\u00fcr thail\u00e4ndische Sch\u00fcler Wir haben eine Serie von acht Englischb\u00fcchern f\u00fcr thail\u00e4ndische Sch\u00fcler entwickelt, welche vom Anf\u00e4nger- bis zum Fortgeschrittenenniveau reicht. Danach benutzen wir die \u201eNew Headway- Serie\u201c, welche weiter unten beschrieben wird. Unsere B\u00fccher beginnen mit dem Alphabet, einfachen Satzkonstruktionen, Benutzung von Verben und Adjektiven, Zeitangaben und f\u00fchren dann zu ersten&hellip;&nbsp;<a href=\"https:\/\/www.phuket-languageschool.com\/de\/fragen-infos\/unsere-bucher\/\" rel=\"bookmark\">Weiterlesen &raquo;<span class=\"screen-reader-text\">Unsere B\u00fccher<\/span><\/a><\/p>\n","protected":false},"author":8,"featured_media":0,"parent":1053,"menu_order":0,"comment_status":"closed","ping_status":"closed","template":"","meta":{"neve_meta_sidebar":"","neve_meta_container":"","neve_meta_enable_content_width":"","neve_meta_content_width":0,"neve_meta_title_alignment":"","neve_meta_author_avatar":"","neve_post_elements_order":"","neve_meta_disable_header":"","neve_meta_disable_footer":"","neve_meta_disable_title":"","footnotes":""},"class_list":["post-2694","page","type-page","status-publish","hentry"],"_links":{"self":[{"href":"https:\/\/www.phuket-languageschool.com\/de\/wp-json\/wp\/v2\/pages\/2694","targetHints":{"allow":["GET"]}}],"collection":[{"href":"https:\/\/www.phuket-languageschool.com\/de\/wp-json\/wp\/v2\/pages"}],"about":[{"href":"https:\/\/www.phuket-languageschool.com\/de\/wp-json\/wp\/v2\/types\/page"}],"author":[{"embeddable":true,"href":"https:\/\/www.phuket-languageschool.com\/de\/wp-json\/wp\/v2\/users\/8"}],"replies":[{"embeddable":true,"href":"https:\/\/www.phuket-languageschool.com\/de\/wp-json\/wp\/v2\/comments?post=2694"}],"version-history":[{"count":2,"href":"https:\/\/www.phuket-languageschool.com\/de\/wp-json\/wp\/v2\/pages\/2694\/revisions"}],"predecessor-version":[{"id":14335,"href":"https:\/\/www.phuket-languageschool.com\/de\/wp-json\/wp\/v2\/pages\/2694\/revisions\/14335"}],"up":[{"embeddable":true,"href":"https:\/\/www.phuket-languageschool.com\/de\/wp-json\/wp\/v2\/pages\/1053"}],"wp:attachment":[{"href":"https:\/\/www.phuket-languageschool.com\/de\/wp-json\/wp\/v2\/media?parent=2694"}],"curies":[{"name":"wp","href":"https:\/\/api.w.org\/{rel}","templated":true}]}}