{"id":2696,"date":"2011-06-05T13:44:53","date_gmt":"2011-06-05T06:44:53","guid":{"rendered":"http:\/\/www.phuket-languageschool.com\/?page_id=2696"},"modified":"2022-02-06T14:06:50","modified_gmt":"2022-02-06T07:06:50","slug":"tipps-beim-lernen","status":"publish","type":"page","link":"https:\/\/www.phuket-languageschool.com\/de\/fragen-infos\/tipps-beim-lernen\/","title":{"rendered":"Tipps beim Lernen"},"content":{"rendered":"\n<h1 class=\"has-text-align-center wp-block-heading\" id=\"tipps-beim-lernen\">Tipps beim Lernen<\/h1>\n\n\n\n<div class=\"wp-block-columns is-layout-flex wp-container-core-columns-is-layout-9d6595d7 wp-block-columns-is-layout-flex\">\n<div class=\"wp-block-column is-layout-flow wp-block-column-is-layout-flow\">\n<h3 class=\"wp-block-heading\" id=\"sprachenlernen\">Sprachenlernen<\/h3>\n\n\n\n<p>Die Patong Language School hat 30+ Jahre Erfahrung im Unterrichten von Fremdsprachen. Es gibt verschiedene Techniken, mit welchen Sie den Erfolg beim Lernen erh\u00f6hen k\u00f6nnen.<\/p>\n\n\n\n<ul class=\"wp-block-list\"><li>Der Lehrer vermittelt die Sprache und gibt Ihnen dabei verschiedene Lernhilfen. Am wichtigsten ist es, dass Sie Ihre neu erworbenen Sprachkenntnisse in der Praxis anwenden.<\/li><li>Nehmen Sie einfach am Unterricht teil! Ihr Lehrer oder ihre Lehrerin ermuntert Sie in einer ungezwungenen Atmosph\u00e4re zum Sprechen.<\/li><li>Setzen Sie sich selbst realistische Ziele! Loben oder belohnen Sie sich, wenn Sie ein Ziel erreicht haben.<\/li><li>Erwarten Sie nicht, dass Sie alles sofort verstehen. Mit Geduld und Stetigkeit wird die neue Sprache nach kurzer Zeit klarer und transparenter.<\/li><li>Arbeiten Sie immer, bis Sie Ihr Ziel erreicht haben!<\/li><\/ul>\n\n\n\n<h3 class=\"wp-block-heading\" id=\"beherzigen-sie-folgende-dinge\">Beherzigen Sie folgende Dinge<\/h3>\n\n\n\n<ul class=\"wp-block-list\"><li>Versuchen Sie nicht alles auf einmal zu verstehen.<\/li><li>Zuerst kommt das Sprechen, dann die Grammatik.<\/li><li>Nutzen Sie jede Gelegenheit zum Sprechen.<\/li><li>Machen Sie mit und geben Sie nie auf.<\/li><\/ul>\n<\/div>\n\n\n\n<div class=\"wp-block-column is-layout-flow wp-block-column-is-layout-flow\">\n<h3 class=\"wp-block-heading\" id=\"in-der-klasse\">In der Klasse<\/h3>\n\n\n\n<ul class=\"wp-block-list\"><li>Nehmen Sie aufmerksam am Unterricht teil. Nutzen Sie jede M\u00f6glichkeit zum Sprechen und h\u00f6ren Sie auch Ihren Klassenkameraden gut zu.<\/li><li>Arbeiten Sie mit Ihren Klassenkameraden zusammen und benutzen Sie mit ihnen Ihre neuerlernte Sprache. Eine Sprache dient zur Kommunikation!<\/li><li>Keine Angst vor Fehlern, denn durch Fehler lernt man! Dies ist ein Bestandteil des Lernens. Der Lehrer verbessert sie gern, denn das ist sein Job, und er erkennt dabei, dass Sie alles versuchen und ehrgeizig lernen.<\/li><\/ul>\n\n\n\n<h3 class=\"wp-block-heading\" id=\"ausserhalb-der-schule\">Au\u00dferhalb der Schule<\/h3>\n\n\n\n<ul class=\"wp-block-list\"><li>Das Ausprobieren des Erlernten au\u00dferhalb des Schulgeb\u00e4udes ist Ihre Gelegenheit die Sprache lebendig werden zu lassen.<\/li><li>\u00dcben und wiederholen Sie viel zu Hause, bzw. im Hotelzimmer. Der Erfolg beim Sprachenlernen ist auch vom Flei\u00df abh\u00e4ngig.<\/li><li>Schauen Sie ruhig einmal in der Sprache fern, die Sie lernen m\u00f6chten. Selbst schlechte Sendungen k\u00f6nnen beim Lernen behilflich sein.<\/li><li>H\u00f6ren Sie Lieder in der Sprache, die Sie lernen m\u00f6chten. Dabei k\u00f6nnen Sie aktuelle Redewendungen und Kulturelles lernen.<\/li><li>Lesen Sie Zeitungen, Magazine und B\u00fccher.<\/li><li>Besuchen auch mal Webseiten, welche sich mit dem Thema Sprachen befassen.<\/li><\/ul>\n<\/div>\n<\/div>\n","protected":false},"excerpt":{"rendered":"<p>Tipps beim Lernen Sprachenlernen Die Patong Language School hat 30+ Jahre Erfahrung im Unterrichten von Fremdsprachen. Es gibt verschiedene Techniken, mit welchen Sie den Erfolg beim Lernen erh\u00f6hen k\u00f6nnen. Der Lehrer vermittelt die Sprache und gibt Ihnen dabei verschiedene Lernhilfen. Am wichtigsten ist es, dass Sie Ihre neu erworbenen Sprachkenntnisse in der Praxis anwenden. Nehmen&hellip;&nbsp;<a href=\"https:\/\/www.phuket-languageschool.com\/de\/fragen-infos\/tipps-beim-lernen\/\" rel=\"bookmark\">Weiterlesen &raquo;<span class=\"screen-reader-text\">Tipps beim Lernen<\/span><\/a><\/p>\n","protected":false},"author":8,"featured_media":0,"parent":1053,"menu_order":0,"comment_status":"closed","ping_status":"closed","template":"","meta":{"neve_meta_sidebar":"","neve_meta_container":"","neve_meta_enable_content_width":"","neve_meta_content_width":0,"neve_meta_title_alignment":"","neve_meta_author_avatar":"","neve_post_elements_order":"","neve_meta_disable_header":"","neve_meta_disable_footer":"","neve_meta_disable_title":"","footnotes":""},"class_list":["post-2696","page","type-page","status-publish","hentry"],"_links":{"self":[{"href":"https:\/\/www.phuket-languageschool.com\/de\/wp-json\/wp\/v2\/pages\/2696","targetHints":{"allow":["GET"]}}],"collection":[{"href":"https:\/\/www.phuket-languageschool.com\/de\/wp-json\/wp\/v2\/pages"}],"about":[{"href":"https:\/\/www.phuket-languageschool.com\/de\/wp-json\/wp\/v2\/types\/page"}],"author":[{"embeddable":true,"href":"https:\/\/www.phuket-languageschool.com\/de\/wp-json\/wp\/v2\/users\/8"}],"replies":[{"embeddable":true,"href":"https:\/\/www.phuket-languageschool.com\/de\/wp-json\/wp\/v2\/comments?post=2696"}],"version-history":[{"count":2,"href":"https:\/\/www.phuket-languageschool.com\/de\/wp-json\/wp\/v2\/pages\/2696\/revisions"}],"predecessor-version":[{"id":14337,"href":"https:\/\/www.phuket-languageschool.com\/de\/wp-json\/wp\/v2\/pages\/2696\/revisions\/14337"}],"up":[{"embeddable":true,"href":"https:\/\/www.phuket-languageschool.com\/de\/wp-json\/wp\/v2\/pages\/1053"}],"wp:attachment":[{"href":"https:\/\/www.phuket-languageschool.com\/de\/wp-json\/wp\/v2\/media?parent=2696"}],"curies":[{"name":"wp","href":"https:\/\/api.w.org\/{rel}","templated":true}]}}