{"id":4227,"date":"2012-06-23T09:14:37","date_gmt":"2012-06-23T02:14:37","guid":{"rendered":"http:\/\/www.phuket-languageschool.com\/?page_id=4227"},"modified":"2026-04-07T10:58:53","modified_gmt":"2026-04-07T03:58:53","slug":"bildungsurlaub-anmeldungsformular","status":"publish","type":"page","link":"https:\/\/www.phuket-languageschool.com\/de\/bildungsurlaub-anmeldungsformular\/","title":{"rendered":"Bildungsurlaub Anmeldungsformular"},"content":{"rendered":"\n<h1 class=\"wp-block-heading\">Bildungsurlaub Anmeldungsformular<\/h1>\n\n\n\n<h5 class=\"wp-block-heading\">Wie beantragt man unseren Bildungsurlaub:<\/h5>\n\n\n\n<p>Sie ben\u00f6tigen ein Anmeldeformular von uns.<\/p>\n\n\n\n<p>Bitte, f\u00fcllen Sie dieses Online-Anmeldeformular aus. Wir f\u00fcllen dann bei Erhalt unsere Daten ein und mailen an Sie zur\u00fcck, inklusive Bundesland-Anerkennung und Stundenplan. Legen Sie dies dann alles Ihrem Arbeitgeber vor.<\/p>\n\n\n\n<p>Nachdem Sie das Einverst\u00e4ndnis zum Besuch des BU erhalten haben, m\u00fcssten Sie eine Anzahlung von 50% der Kursgeb\u00fchr an uns leisten, wonach wir Ihnen eine Buchungsbest\u00e4tigung zukommen lassen. Zahlen Sie die Restsumme bei Antritt Ihres BU bei uns vor Ort &#8211; und genie\u03b2en Sie einen wunderbaren BU Aufenthalt bei uns auf der sonnigen Insel Phuket.<\/p>\n\n\n\n<p><iframe loading=\"lazy\" src=\"https:\/\/docs.google.com\/spreadsheet\/embeddedform?formkey=dGxsMzdTVFoxc0p5eFJUNGVfd1JUTEE6MQ\" width=\"100%\" height=\"1650\" frameborder=\"0\" marginwidth=\"0\" marginheight=\"0\">Loading&#8230;<\/iframe><\/p>\n","protected":false},"excerpt":{"rendered":"<p>Bildungsurlaub Anmeldungsformular Wie beantragt man unseren Bildungsurlaub: Sie ben\u00f6tigen ein Anmeldeformular von uns. Bitte, f\u00fcllen Sie dieses Online-Anmeldeformular aus. Wir f\u00fcllen dann bei Erhalt unsere Daten ein und mailen an Sie zur\u00fcck, inklusive Bundesland-Anerkennung und Stundenplan. Legen Sie dies dann alles Ihrem Arbeitgeber vor. Nachdem Sie das Einverst\u00e4ndnis zum Besuch des BU erhalten haben, m\u00fcssten&hellip;&nbsp;<a href=\"https:\/\/www.phuket-languageschool.com\/de\/bildungsurlaub-anmeldungsformular\/\" rel=\"bookmark\">Weiterlesen &raquo;<span class=\"screen-reader-text\">Bildungsurlaub Anmeldungsformular<\/span><\/a><\/p>\n","protected":false},"author":8,"featured_media":0,"parent":0,"menu_order":0,"comment_status":"closed","ping_status":"closed","template":"","meta":{"neve_meta_sidebar":"","neve_meta_container":"","neve_meta_enable_content_width":"","neve_meta_content_width":0,"neve_meta_title_alignment":"","neve_meta_author_avatar":"","neve_post_elements_order":"","neve_meta_disable_header":"","neve_meta_disable_footer":"","neve_meta_disable_title":"","footnotes":""},"class_list":["post-4227","page","type-page","status-publish","hentry"],"_links":{"self":[{"href":"https:\/\/www.phuket-languageschool.com\/de\/wp-json\/wp\/v2\/pages\/4227","targetHints":{"allow":["GET"]}}],"collection":[{"href":"https:\/\/www.phuket-languageschool.com\/de\/wp-json\/wp\/v2\/pages"}],"about":[{"href":"https:\/\/www.phuket-languageschool.com\/de\/wp-json\/wp\/v2\/types\/page"}],"author":[{"embeddable":true,"href":"https:\/\/www.phuket-languageschool.com\/de\/wp-json\/wp\/v2\/users\/8"}],"replies":[{"embeddable":true,"href":"https:\/\/www.phuket-languageschool.com\/de\/wp-json\/wp\/v2\/comments?post=4227"}],"version-history":[{"count":1,"href":"https:\/\/www.phuket-languageschool.com\/de\/wp-json\/wp\/v2\/pages\/4227\/revisions"}],"predecessor-version":[{"id":28715,"href":"https:\/\/www.phuket-languageschool.com\/de\/wp-json\/wp\/v2\/pages\/4227\/revisions\/28715"}],"wp:attachment":[{"href":"https:\/\/www.phuket-languageschool.com\/de\/wp-json\/wp\/v2\/media?parent=4227"}],"curies":[{"name":"wp","href":"https:\/\/api.w.org\/{rel}","templated":true}]}}