{"id":528,"date":"2010-07-12T11:12:47","date_gmt":"2010-07-12T04:12:47","guid":{"rendered":"http:\/\/patonglanguageschool.com\/"},"modified":"2026-04-07T10:57:02","modified_gmt":"2026-04-07T03:57:02","slug":"bildungsurlaub","status":"publish","type":"page","link":"https:\/\/www.phuket-languageschool.com\/de\/programme\/bildungsurlaub\/","title":{"rendered":"Bildungsurlaub"},"content":{"rendered":"\n<div class=\"wp-block-cover is-light has-parallax\"><div class=\"wp-block-cover__image-background wp-image-12002 has-parallax\" style=\"background-position:50% 50%;background-image:url(https:\/\/www.phuket-languageschool.com\/anti\/wp-content\/uploads\/2019\/12\/chalong_temple.jpg)\"><\/div><span aria-hidden=\"true\" class=\"wp-block-cover__background has-background-dim-0 has-background-dim\"><\/span><div class=\"wp-block-cover__inner-container is-layout-flow wp-block-cover-is-layout-flow\">\n<p class=\"has-text-align-center has-nv-text-dark-bg-color has-text-color has-large-font-size\">Bildungsurlaub<\/p>\n<\/div><\/div>\n\n\n\n<div style=\"height:25px\" aria-hidden=\"true\" class=\"wp-block-spacer\"><\/div>\n\n\n\n<div class=\"wp-block-columns has-neve-text-color-color has-neve-link-color-background-color has-text-color has-background is-layout-flex wp-container-core-columns-is-layout-73edab2d wp-block-columns-is-layout-flex\" id=\"EnglishforThais\" style=\"padding-top:var(--wp--preset--spacing--30);padding-right:var(--wp--preset--spacing--30);padding-bottom:var(--wp--preset--spacing--30);padding-left:var(--wp--preset--spacing--30)\">\n<div class=\"wp-block-column is-vertically-aligned-center is-layout-flow wp-block-column-is-layout-flow\" style=\"padding-top:0;padding-right:0;padding-bottom:0;padding-left:0;flex-basis:66.66%\">\n<h2 class=\"wp-block-heading has-nv-text-dark-bg-color has-text-color\" id=\"bildungsurlaub\">Bildungsurlaub<\/h2>\n<\/div>\n\n\n\n<div class=\"wp-block-column is-vertically-aligned-center is-layout-flow wp-block-column-is-layout-flow\" style=\"flex-basis:33.33%\">\n<div class=\"wp-block-buttons is-content-justification-center is-layout-flex wp-container-core-buttons-is-layout-16018d1d wp-block-buttons-is-layout-flex\">\n<div class=\"wp-block-button\"><a class=\"wp-block-button__link has-neve-link-hover-color-color has-nv-site-bg-background-color has-text-color has-background has-link-color has-small-font-size has-custom-font-size wp-element-button\" href=\"https:\/\/www.phuket-languageschool.com\/de\/bildungsurlaub-anmeldungsformular\/\">book now<\/a><\/div>\n<\/div>\n<\/div>\n<\/div>\n\n\n\n<div style=\"height:25px\" aria-hidden=\"true\" class=\"wp-block-spacer\"><\/div>\n\n\n\n<div class=\"wp-block-columns is-layout-flex wp-container-core-columns-is-layout-9d6595d7 wp-block-columns-is-layout-flex\">\n<div class=\"wp-block-column is-layout-flow wp-block-column-is-layout-flow\">\n<h2 class=\"wp-block-heading\" id=\"thai\">Thai<\/h2>\n\n\n\n<p><strong>Einf\u00fchrung in die Grundbegriffe des Thail\u00e4ndischen &#8211; 5 Tage<\/strong><\/p>\n\n\n\n<p><strong>Einf\u00fchrung in die Grundbegriffe des Thail\u00e4ndischen &#8211; 10 Tage<\/strong><\/p>\n\n\n\n<p>Unsere Thai-Lehrer sind ausgebildete Sprachlehrer mit mehrj\u00e4hriger Lehrt\u00e4tigkeit und ausgedehnter Erfahrung im Unterrichten von Fremdsprachenstudenten. Unsere Thai-Unterrichtsmaterialien sind \u00fcber einen Zeitraum von nunmehr 25 Jahren erfolgreichen Fremdsprachenunterrichts entwickelt worden.<\/p>\n\n\n\n<p>Der Kurs setzt sich zusammen aus 30 Stunden in einer 5 Tage Periode.<\/p>\n\n\n\n<p>Der Privatunterricht-Kurspreis liegt bei 22,500 Thai-Baht (Lehrbuch nicht inklusive).<\/p>\n\n\n\n<p>Der Gruppenkurs kostet 16,150 Thai-Baht pro Woche (Materialien sind im Preis enthalten).<\/p>\n\n\n\n<p>Thai-Gruppenklassen als BU starten:<\/p>\n\n\n\n<div class=\"wp-block-columns is-layout-flex wp-container-core-columns-is-layout-9d6595d7 wp-block-columns-is-layout-flex\">\n<div class=\"wp-block-column is-layout-flow wp-block-column-is-layout-flow\">\n<iframe loading=\"lazy\" src=\"https:\/\/docs.google.com\/spreadsheets\/d\/1FABUl4_kcCbsGJ6VL--oPmqYF38OmoybQ4QkNGVFNbw\/pubhtml\/sheet?headers=false&amp;gid=0&amp;range=d4:d7\" width=\"175\" height=\"80\" frameborder=\"0\"><\/iframe>\n<\/div>\n\n\n\n<div class=\"wp-block-column is-layout-flow wp-block-column-is-layout-flow\">\n<iframe loading=\"lazy\" src=\"https:\/\/docs.google.com\/spreadsheets\/d\/1FABUl4_kcCbsGJ6VL--oPmqYF38OmoybQ4QkNGVFNbw\/pubhtml\/sheet?headers=false&amp;gid=0&amp;range=d8:d11\" width=\"175\" height=\"80\" frameborder=\"0\"><\/iframe>\n<\/div>\n\n\n\n<div class=\"wp-block-column is-layout-flow wp-block-column-is-layout-flow\">\n<iframe loading=\"lazy\" src=\"https:\/\/docs.google.com\/spreadsheets\/d\/1FABUl4_kcCbsGJ6VL--oPmqYF38OmoybQ4QkNGVFNbw\/pubhtml\/sheet?headers=false&amp;gid=0&amp;range=d12:d15\" width=\"175\" height=\"80\" frameborder=\"0\"><\/iframe>\n<\/div>\n<\/div>\n\n\n\n<h2 class=\"wp-block-heading\" id=\"englisch\">Englisch<\/h2>\n\n\n\n<p><strong>Englisch am Arbeitsplatz&nbsp; &#8211; 5 Tage<\/strong><\/p>\n\n\n\n<p><strong>Englisch am Arbeitsplatz &#8211; 10 Tage<\/strong><\/p>\n\n\n\n<p>Die Lehrenden sind Englisch-Muttersprachler. Der Kurs umfasst eine 5 Tage Periode. Das Lehrmaterial ist im Kurspreis von 22,500 Thai-Baht nicht mit eingeschlossen.<\/p>\n\n\n\n<h3 class=\"wp-block-heading\" id=\"was-sind-die-grundlagen-zum-anerkannten-bildungsurlaub\">Was sind die Grundlagen zum anerkannten Bildungsurlaub:<\/h3>\n\n\n\n<p>Der BU-Sch\u00fcler muss zwischen 30 -und 40 (je nach Bundesland).<\/p>\n\n\n\n<p>Unterrichtsstunden \u00fcber 5 Tage ableisten. Montag bis Freitag.<\/p>\n\n\n\n<h3 class=\"wp-block-heading\" id=\"buchungszeitraume\">Buchungszeitr\u00e4ume:<\/h3>\n\n\n\n<p>Einzel -\/ oder Privatklassen k\u00f6nnen zu jedem Montag angesetzt werden.<\/p>\n<\/div>\n\n\n\n<div class=\"wp-block-column is-layout-flow wp-block-column-is-layout-flow\">\n<h3 class=\"wp-block-heading\" id=\"bundeslander-in-denen-unser-bildungsurlaub-anerkannt-ist\">Bundesl\u00e4nder, in denen unser Bildungsurlaub anerkannt ist:<\/h3>\n\n\n\n<p>Gegenw\u00e4rtig sind wir best\u00e4tigt in:<\/p>\n\n\n\n<ul class=\"wp-block-list\">\n<li>Berlin (Thai)<\/li>\n\n\n\n<li>Berlin (Englisch)<\/li>\n\n\n\n<li>Brandenburg (anerkennt wechselseitig mit Berlin)<\/li>\n\n\n\n<li>Bremen<\/li>\n\n\n\n<li>Hamburg (Thai)<\/li>\n\n\n\n<li>Hamburg (Englisch)<\/li>\n\n\n\n<li>Hessen (anerkennt wechselseitig)<\/li>\n\n\n\n<li>Niedersachsen (Thai)<\/li>\n\n\n\n<li>Niedersachsen (Englisch)<\/li>\n\n\n\n<li>Schleswig Holstein (Thai)<\/li>\n\n\n\n<li>Schleswig Holstein (Englisch)<\/li>\n\n\n\n<li>Rheinland Pfalz (Englisch)<\/li>\n\n\n\n<li>Rheinland Pfalz (Thai)<\/li>\n<\/ul>\n\n\n\n<h3 class=\"wp-block-heading\" id=\"bundeslander-in-denen-wir-noch-nicht-bestatigt-sind\">Bundesl\u00e4nder, in denen wir noch nicht best\u00e4tigt sind:<\/h3>\n\n\n\n<ul class=\"wp-block-list\">\n<li>Baden-W\u00fcrttemberg<\/li>\n\n\n\n<li>Bayern<\/li>\n\n\n\n<li>Mecklenburg \u2013 Vorpommern<\/li>\n\n\n\n<li>Nord-Rhein Westphalen<\/li>\n\n\n\n<li>Saarland<\/li>\n\n\n\n<li>Sachsen<\/li>\n\n\n\n<li>Sachsen Anhalt<\/li>\n\n\n\n<li>Th\u00fcringen<\/li>\n<\/ul>\n<\/div>\n<\/div>\n","protected":false},"excerpt":{"rendered":"<p>Bildungsurlaub Thai Einf\u00fchrung in die Grundbegriffe des Thail\u00e4ndischen &#8211; 5 Tage Einf\u00fchrung in die Grundbegriffe des Thail\u00e4ndischen &#8211; 10 Tage Unsere Thai-Lehrer sind ausgebildete Sprachlehrer mit mehrj\u00e4hriger Lehrt\u00e4tigkeit und ausgedehnter Erfahrung im Unterrichten von Fremdsprachenstudenten. Unsere Thai-Unterrichtsmaterialien sind \u00fcber einen Zeitraum von nunmehr 25 Jahren erfolgreichen Fremdsprachenunterrichts entwickelt worden. Der Kurs setzt sich zusammen aus&hellip;&nbsp;<a href=\"https:\/\/www.phuket-languageschool.com\/de\/programme\/bildungsurlaub\/\" rel=\"bookmark\">Weiterlesen &raquo;<span class=\"screen-reader-text\">Bildungsurlaub<\/span><\/a><\/p>\n","protected":false},"author":8,"featured_media":0,"parent":1005,"menu_order":0,"comment_status":"closed","ping_status":"closed","template":"","meta":{"neve_meta_sidebar":"","neve_meta_container":"","neve_meta_enable_content_width":"","neve_meta_content_width":0,"neve_meta_title_alignment":"","neve_meta_author_avatar":"","neve_post_elements_order":"","neve_meta_disable_header":"","neve_meta_disable_footer":"","neve_meta_disable_title":"","footnotes":""},"class_list":["post-528","page","type-page","status-publish","hentry"],"_links":{"self":[{"href":"https:\/\/www.phuket-languageschool.com\/de\/wp-json\/wp\/v2\/pages\/528","targetHints":{"allow":["GET"]}}],"collection":[{"href":"https:\/\/www.phuket-languageschool.com\/de\/wp-json\/wp\/v2\/pages"}],"about":[{"href":"https:\/\/www.phuket-languageschool.com\/de\/wp-json\/wp\/v2\/types\/page"}],"author":[{"embeddable":true,"href":"https:\/\/www.phuket-languageschool.com\/de\/wp-json\/wp\/v2\/users\/8"}],"replies":[{"embeddable":true,"href":"https:\/\/www.phuket-languageschool.com\/de\/wp-json\/wp\/v2\/comments?post=528"}],"version-history":[{"count":14,"href":"https:\/\/www.phuket-languageschool.com\/de\/wp-json\/wp\/v2\/pages\/528\/revisions"}],"predecessor-version":[{"id":28714,"href":"https:\/\/www.phuket-languageschool.com\/de\/wp-json\/wp\/v2\/pages\/528\/revisions\/28714"}],"up":[{"embeddable":true,"href":"https:\/\/www.phuket-languageschool.com\/de\/wp-json\/wp\/v2\/pages\/1005"}],"wp:attachment":[{"href":"https:\/\/www.phuket-languageschool.com\/de\/wp-json\/wp\/v2\/media?parent=528"}],"curies":[{"name":"wp","href":"https:\/\/api.w.org\/{rel}","templated":true}]}}