{"id":28072,"date":"2022-11-21T09:06:10","date_gmt":"2022-11-21T02:06:10","guid":{"rendered":"https:\/\/www.phuket-languageschool.com\/?page_id=28072"},"modified":"2025-01-07T16:23:27","modified_gmt":"2025-01-07T09:23:27","slug":"aprenda-ingles-em-phuket","status":"publish","type":"page","link":"https:\/\/www.phuket-languageschool.com\/pt-br\/aprenda-ingles-em-phuket\/","title":{"rendered":"aprenda ingl\u00eas em Phuket"},"content":{"rendered":"\n<div class=\"wp-block-cover alignfull is-light has-parallax\" style=\"min-height:565px;aspect-ratio:unset;\"><span aria-hidden=\"true\" class=\"wp-block-cover__background has-background-dim-0 has-background-dim\"><\/span><div class=\"wp-block-cover__image-background wp-image-15065 has-parallax\" style=\"background-position:50% 50%;background-image:url(https:\/\/www.phuket-languageschool.com\/anti\/wp-content\/uploads\/2022\/08\/Tower-Bridge.webp)\"><\/div><div class=\"wp-block-cover__inner-container is-layout-flow wp-block-cover-is-layout-flow\">\n<h1 class=\"wp-block-heading has-text-align-center has-neve-text-color-color has-text-color\" id=\"patong-language-school-1\" style=\"font-size:50px\"><strong>aulas de ingl\u00eas<\/strong><\/h1>\n<\/div><\/div>\n\n\n\n<div style=\"height:20px\" aria-hidden=\"true\" class=\"wp-block-spacer\"><\/div>\n\n\n\n<div class=\"wp-block-columns is-layout-flex wp-container-core-columns-is-layout-9d6595d7 wp-block-columns-is-layout-flex\">\n<div class=\"wp-block-column is-layout-flow wp-block-column-is-layout-flow\">\n<div style=\"height:10px\" aria-hidden=\"true\" class=\"wp-block-spacer\"><\/div>\n\n\n\n<h2 class=\"wp-block-heading has-text-align-center\" id=\"english-for-thais\">Ingl\u00eas para todos<\/h2>\n\n\n\n<h3 class=\"wp-block-heading has-text-align-center\" id=\"3-500-baht\">3,750 Baht<\/h3>\n\n\n\n<p class=\"has-text-align-center\">Aulas em grupo<br>N\u00edvel b\u00e1sico a intermedi\u00e1rio<br>10 aulas por semana<br>Visto ED? Sim<br>1 a 28 semanas de dura\u00e7\u00e3o<\/p>\n<\/div>\n\n\n\n<div class=\"wp-block-column is-layout-flow wp-block-column-is-layout-flow\">\n<div style=\"height:10px\" aria-hidden=\"true\" class=\"wp-block-spacer\"><\/div>\n\n\n\n<h2 class=\"wp-block-heading has-text-align-center\" id=\"english-for-all\">Aulas particulares<\/h2>\n\n\n\n<h3 class=\"wp-block-heading has-text-align-center\" id=\"2-500-baht\">750 Baht<\/h3>\n\n\n\n<p class=\"has-text-align-center\">Aulas individuais<br>Iniciante a avan\u00e7ado<br>M\u00ednimo de 3 aulas por semana<br>Visto ED? Sim<br>Dura\u00e7\u00e3o ilimitada<\/p>\n<\/div>\n<\/div>\n\n\n\n<hr class=\"wp-block-separator has-text-color has-neve-link-color-color has-css-opacity has-neve-link-color-background-color has-background is-style-default\"\/>\n\n\n\n<div class=\"wp-block-columns is-layout-flex wp-container-core-columns-is-layout-9d6595d7 wp-block-columns-is-layout-flex\">\n<div class=\"wp-block-column is-layout-flow wp-block-column-is-layout-flow\">\n<div style=\"height:10px\" aria-hidden=\"true\" class=\"wp-block-spacer\"><\/div>\n\n\n\n<h3 class=\"wp-block-heading\" id=\"tefl-qualified-native-speaking-teachers\">Professores nativos, com qualifica\u00e7\u00f5es TEFL<\/h3>\n\n\n\n<p>As nossas aulas de ingl\u00eas em Phuket s\u00e3o dispon\u00edveis do n\u00edvel b\u00e1sico e para cima com professores nativos com bastante experiencia em ensinar.<\/p>\n<\/div>\n\n\n\n<div class=\"wp-block-column is-layout-flow wp-block-column-is-layout-flow\">\n<div style=\"height:10px\" aria-hidden=\"true\" class=\"wp-block-spacer\"><\/div>\n\n\n\n<h3 class=\"wp-block-heading\" id=\"great-study-materials\">Materiais de estudo \u00f3timas<\/h3>\n\n\n\n<p>Produzimos nossos pr\u00f3prios livros e materiais de estudo para aulas de ingl\u00eas de n\u00edvel iniciante e b\u00e1sico, que desenvolvemos ao longo de quase 40 anos de ensino de ingl\u00eas. Usamos a s\u00e9rie de livros \u2018Headway\u2019 para aulas Pr\u00e9-intermedi\u00e1rias, Intermedi\u00e1rias e Avan\u00e7adas.<\/p>\n<\/div>\n<\/div>\n\n\n\n<hr class=\"wp-block-separator has-text-color has-neve-link-color-color has-css-opacity has-neve-link-color-background-color has-background is-style-default\"\/>\n\n\n\n<div class=\"wp-block-columns are-vertically-aligned-center has-button-color-color has-neve-link-color-background-color has-text-color has-background is-layout-flex wp-container-core-columns-is-layout-9d6595d7 wp-block-columns-is-layout-flex\" id=\"EnglishforAll\">\n<div class=\"wp-block-column is-vertically-aligned-center is-layout-flow wp-block-column-is-layout-flow\" style=\"flex-basis:100%\">\n<h2 class=\"wp-block-heading has-nv-text-dark-bg-color has-text-color\" id=\"english-courses-for-beginner-thai-learners\">Ingl\u00eas para todos &#8211; a partir de 3.750 Baht<\/h2>\n\n\n\n<h3 class=\"wp-block-heading has-nv-text-dark-bg-color has-text-color\" id=\"1-or-2-classes-per-day-5-days-per-week-2-to-20-weeks-of-study\">2 aulas por dia \u2013 5 dias por semana \u2013 at\u00e9 28 semanas de estudar em grupo<\/h3>\n<\/div>\n<\/div>\n\n\n\n<div class=\"wp-block-columns is-layout-flex wp-container-core-columns-is-layout-9d6595d7 wp-block-columns-is-layout-flex\">\n<div class=\"wp-block-column is-layout-flow wp-block-column-is-layout-flow\">\n<h3 class=\"wp-block-heading\" id=\"how-much-does-it-cost\">Quanto custa?<\/h3>\n\n\n\n<p>Uma semana do programa de ingl\u00eas para todos custa 3.750 Baht por pessoa. Tem descontos dispon\u00edveis para compras de mais de uma semana.<\/p>\n\n\n\n<p>Pois \u00e9 uma sess\u00e3o de grupo, n\u00e3o pode adiar aulas nem repetir aulas n\u00e3o assistidas.<\/p>\n\n\n\n<h3 class=\"wp-block-heading\" id=\"what-study-materials-are-used\">Quais materiais de estudo usamos?<\/h3>\n\n\n\n<p>Temos 3 n\u00edveis: Pr\u00e9-B\u00e1sico, B\u00e1sico e Pr\u00e9-Intermedi\u00e1rio.<\/p>\n\n\n\n<p>No pr\u00e9-b\u00e1sico usamos nosso pr\u00f3prio livro e livro de exerc\u00edcios, que foram especialmente desenvolvidos.<\/p>\n\n\n\n<p>Os n\u00edveis b\u00e1sico e pr\u00e9-intermedi\u00e1rio usam a s\u00e9rie New Headway escrita por John e Liz Soars e publicada pela Oxford University Press.<\/p>\n\n\n\n<h3 class=\"wp-block-heading\" id=\"can-i-get-an-ed-visa\">Posso conseguir um visto ED?<\/h3>\n\n\n\n<p>Com certeza. \u00c9 s\u00f3 matricular-se para 3 meses ou mais e n\u00f3s cuidamos disso.<\/p>\n<\/div>\n\n\n\n<div class=\"wp-block-column is-layout-flow wp-block-column-is-layout-flow\">\n<h3 class=\"wp-block-heading\" id=\"how-many-students-are-there-in-an-english-for-all-class\">Quantos alunos h\u00e1 em uma aula de Ingl\u00eas para Todos?<\/h3>\n\n\n\n<p>H\u00e1 um m\u00e1ximo de 12 vagas para alunos nas aulas de ingl\u00eas para todos.<\/p>\n\n\n\n<h3 class=\"wp-block-heading\" id=\"when-are-the-classes\">Quando s\u00e3o as aulas?<\/h3>\n\n\n\n<p>As aulas de Ingl\u00eas para Todos s\u00e3o 2 aulas de 50 minutos de dura\u00e7\u00e3o por dia, com um intervalo de 10 minutos entre elas.<\/p>\n\n\n\n<p>Os hor\u00e1rios das aulas variam para cada n\u00edvel. Entre em contato conosco para saber os hor\u00e1rios dispon\u00edveis para o seu n\u00edvel de estudo.<\/p>\n\n\n\n<p>Os alunos podem ingressar nos n\u00edveis b\u00e1sico e pr\u00e9-intermedi\u00e1rio em qualquer segunda-feira.<\/p>\n\n\n\n<h3 class=\"wp-block-heading\" id=\"package-1\">Datas de in\u00edcio do curso<\/h3>\n\n\n\n<p>As pr\u00f3ximas 12 datas de in\u00edcio do curso para o n\u00edvel pr\u00e9-b\u00e1sico s\u00e3o:<\/p>\n\n\n\n<div class=\"wp-block-columns is-layout-flex wp-container-core-columns-is-layout-9d6595d7 wp-block-columns-is-layout-flex\">\n<div class=\"wp-block-column is-layout-flow wp-block-column-is-layout-flow\">\n<iframe loading=\"lazy\" src=\"https:\/\/docs.google.com\/spreadsheets\/d\/1N6Iim4zjqmkLxEIrKp1N3_lp7-NUu56GBkao3WL1P1Q\/pubhtml\/sheet?headers=false&amp;gid=0&amp;range=e4:e7\" width=\"175\" height=\"80\" frameborder=\"0\"><\/iframe>\n<\/div>\n\n\n\n<div class=\"wp-block-column is-layout-flow wp-block-column-is-layout-flow\">\n<iframe loading=\"lazy\" src=\"https:\/\/docs.google.com\/spreadsheets\/d\/1N6Iim4zjqmkLxEIrKp1N3_lp7-NUu56GBkao3WL1P1Q\/pubhtml\/sheet?headers=false&amp;gid=0&amp;range=e8:e11\" width=\"175\" height=\"80\" frameborder=\"0\"><\/iframe>\n<\/div>\n\n\n\n<div class=\"wp-block-column is-layout-flow wp-block-column-is-layout-flow\">\n<iframe loading=\"lazy\" src=\"https:\/\/docs.google.com\/spreadsheets\/d\/1N6Iim4zjqmkLxEIrKp1N3_lp7-NUu56GBkao3WL1P1Q\/pubhtml\/sheet?headers=false&amp;gid=0&amp;range=e12:e15\" width=\"175\" height=\"80\" frameborder=\"0\"><\/iframe>\n<\/div>\n<\/div>\n<\/div>\n<\/div>\n\n\n\n<div class=\"wp-block-columns are-vertically-aligned-center has-button-color-color has-neve-link-color-background-color has-text-color has-background is-layout-flex wp-container-core-columns-is-layout-9d6595d7 wp-block-columns-is-layout-flex\" id=\"Private\">\n<div class=\"wp-block-column is-vertically-aligned-center is-layout-flow wp-block-column-is-layout-flow\" style=\"flex-basis:100%\">\n<h2 class=\"wp-block-heading has-nv-text-dark-bg-color has-text-color\" id=\"english-courses-for-beginner-thai-learners\">Aulas de ingl\u00eas particulares &#8211; 750 Baht<\/h2>\n\n\n\n<h3 class=\"wp-block-heading has-nv-text-dark-bg-color has-text-color\" id=\"1-or-2-classes-per-day-5-days-per-week-2-to-20-weeks-of-study\">1 ou 2 aulas por dia \u2013 3 ou 5 dias por semana \u2013 per\u00edodo ilimitado de estudos<\/h3>\n<\/div>\n<\/div>\n\n\n\n<div class=\"wp-block-columns is-layout-flex wp-container-core-columns-is-layout-9d6595d7 wp-block-columns-is-layout-flex\">\n<div class=\"wp-block-column is-layout-flow wp-block-column-is-layout-flow\">\n<h3 class=\"wp-block-heading\" id=\"how-much-does-it-cost-1\">Quanto custa?<\/h3>\n\n\n\n<p>Aulas particulares de ingl\u00eas custam 750 Baht por aula com um professor nativo de ingl\u00eas, ent\u00e3o 20 aulas custam 15.000 Baht.<\/p>\n\n\n\n<p>Com 1 aula por dia, um bloco de 20 aulas levar\u00e1 4 semanas para ser conclu\u00eddo, mas lembre-se do que a velocidade do estudo depende de voc\u00ea!<\/p>\n\n\n\n<p>Aulas para 2 alunos ou mais custam 475 Baht por aluno por aula.<\/p>\n\n\n\n<h3 class=\"wp-block-heading\" id=\"what-study-materials-are-used-1\">Quais materiais de estudo usamos?<\/h3>\n\n\n\n<p>Temos uma sele\u00e7\u00e3o de materiais de estudo de ingl\u00eas dispon\u00edveis, dependendo do seu n\u00edvel do idioma e dos seus objetivos.<\/p>\n\n\n\n<h3 class=\"wp-block-heading\" id=\"can-i-get-an-ed-visa-1\">Posso conseguir um visto ED?<\/h3>\n\n\n\n<p>Sim, por 3 meses ou at\u00e9 mais.<\/p>\n<\/div>\n\n\n\n<div class=\"wp-block-column is-layout-flow wp-block-column-is-layout-flow\">\n<h3 class=\"wp-block-heading\" id=\"when-are-the-classes-1\">Quando s\u00e3o as aulas?<\/h3>\n\n\n\n<p>As aulas particulares de ingl\u00eas podem come\u00e7ar em qualquer dia a qualquer hora, dependendo da disponibilidade do professor.<\/p>\n\n\n\n<p><strong>Nota<\/strong>: as aulas s\u00e3o apenas de segunda a sexta-feira.<\/p>\n\n\n\n<p>Cada aula tem 50 minutos de dura\u00e7\u00e3o. N\u00e3o recomendamos que estuda mais de 2 aulas por dia, a menos que voc\u00ea esteja com um cronograma apertado.<\/p>\n\n\n\n<h3 class=\"wp-block-heading\" id=\"how-many-students-are-there-in-a-private-english-class\">Quantos alunos h\u00e1 em uma aula particular de ingl\u00eas?<\/h3>\n\n\n\n<p>As aulas particulares de ingl\u00eas s\u00e3o individuais, mas duas ou mais pessoas podem comprar juntas para fazer uma pequena aula particular de ingl\u00eas.<\/p>\n<\/div>\n<\/div>\n","protected":false},"excerpt":{"rendered":"<p>Ingl\u00eas para todos 3,750 Baht Aulas em grupoN\u00edvel b\u00e1sico a intermedi\u00e1rio10 aulas por semanaVisto ED? Sim1 a 28 semanas de dura\u00e7\u00e3o Aulas particulares 750 Baht Aulas individuaisIniciante a avan\u00e7adoM\u00ednimo de 3 aulas por semanaVisto ED? SimDura\u00e7\u00e3o ilimitada Professores nativos, com qualifica\u00e7\u00f5es TEFL As nossas aulas de ingl\u00eas em Phuket s\u00e3o dispon\u00edveis do n\u00edvel b\u00e1sico e&hellip;&nbsp;<a href=\"https:\/\/www.phuket-languageschool.com\/pt-br\/aprenda-ingles-em-phuket\/\" rel=\"bookmark\">Read More &raquo;<span class=\"screen-reader-text\">aprenda ingl\u00eas em Phuket<\/span><\/a><\/p>\n","protected":false},"author":8,"featured_media":0,"parent":0,"menu_order":0,"comment_status":"closed","ping_status":"closed","template":"","meta":{"neve_meta_sidebar":"","neve_meta_container":"","neve_meta_enable_content_width":"","neve_meta_content_width":0,"neve_meta_title_alignment":"","neve_meta_author_avatar":"","neve_post_elements_order":"","neve_meta_disable_header":"","neve_meta_disable_footer":"","neve_meta_disable_title":"","footnotes":""},"class_list":["post-28072","page","type-page","status-publish","hentry"],"_links":{"self":[{"href":"https:\/\/www.phuket-languageschool.com\/pt-br\/wp-json\/wp\/v2\/pages\/28072","targetHints":{"allow":["GET"]}}],"collection":[{"href":"https:\/\/www.phuket-languageschool.com\/pt-br\/wp-json\/wp\/v2\/pages"}],"about":[{"href":"https:\/\/www.phuket-languageschool.com\/pt-br\/wp-json\/wp\/v2\/types\/page"}],"author":[{"embeddable":true,"href":"https:\/\/www.phuket-languageschool.com\/pt-br\/wp-json\/wp\/v2\/users\/8"}],"replies":[{"embeddable":true,"href":"https:\/\/www.phuket-languageschool.com\/pt-br\/wp-json\/wp\/v2\/comments?post=28072"}],"version-history":[{"count":9,"href":"https:\/\/www.phuket-languageschool.com\/pt-br\/wp-json\/wp\/v2\/pages\/28072\/revisions"}],"predecessor-version":[{"id":28615,"href":"https:\/\/www.phuket-languageschool.com\/pt-br\/wp-json\/wp\/v2\/pages\/28072\/revisions\/28615"}],"wp:attachment":[{"href":"https:\/\/www.phuket-languageschool.com\/pt-br\/wp-json\/wp\/v2\/media?parent=28072"}],"curies":[{"name":"wp","href":"https:\/\/api.w.org\/{rel}","templated":true}]}}