{"id":28085,"date":"2022-11-21T09:42:31","date_gmt":"2022-11-21T02:42:31","guid":{"rendered":"https:\/\/www.phuket-languageschool.com\/?page_id=28085"},"modified":"2025-02-20T10:43:15","modified_gmt":"2025-02-20T03:43:15","slug":"como-entrar-em-contato-conosco-na-patong-language-school","status":"publish","type":"page","link":"https:\/\/www.phuket-languageschool.com\/pt-br\/como-entrar-em-contato-conosco-na-patong-language-school\/","title":{"rendered":"como entrar em contato conosco na Patong Language School"},"content":{"rendered":"\n<h1 class=\"wp-block-heading has-text-align-center\" id=\"contact-the-team-at-patong-language-school\">entre em contato conosco na Patong Language School<\/h1>\n\n\n\n<h4 class=\"wp-block-heading has-text-align-center\" id=\"contact-the-team-at-patong-language-school\"><a href=\"https:\/\/www.phuket-languageschool.com\/pt-br\/como-entrar-em-contato-conosco-na-patong-language-school\/envie-nos-sua-pergunta\/\">clique aqui para um formul\u00e1rio de consulta<\/a><\/h4>\n\n\n\n<hr class=\"wp-block-separator has-text-color has-neve-link-color-color has-css-opacity has-neve-link-color-background-color has-background is-style-default\"\/>\n\n\n\n<div class=\"wp-block-columns is-layout-flex wp-container-core-columns-is-layout-9d6595d7 wp-block-columns-is-layout-flex\">\n<div class=\"wp-block-column is-layout-flow wp-block-column-is-layout-flow\">\n<h4 class=\"wp-block-heading\" id=\"office-hours\">hor\u00e1rio de expediente<\/h4>\n\n\n\n<p>Seg a Sex 9h \u00e0s 18h.<br>S\u00e1bado das 9h \u00e0s 16h.<br>Domingo fechado<\/p>\n\n\n\n<h4 class=\"wp-block-heading\" id=\"telephone\">Telefone<\/h4>\n\n\n\n<p>+66 95 017 33 44<br>+66 76 34 03 73<\/p>\n\n\n\n<h4 class=\"wp-block-heading\" id=\"email\">o email<\/h4>\n\n\n\n<p>patonglanguageschool.info@gmail.com<\/p>\n\n\n\n<h4 class=\"wp-block-heading\" id=\"facebook\">FaceBook<\/h4>\n\n\n\n<p>PhuketLanguageSchool<\/p>\n<\/div>\n\n\n\n<div class=\"wp-block-column is-layout-flow wp-block-column-is-layout-flow\">\n<h4 class=\"wp-block-heading\" id=\"line\">WhatsApp<\/h4>\n\n\n\n<figure class=\"wp-block-image size-full is-resized\"><a href=\"https:\/\/www.phuket-languageschool.com\/anti\/wp-content\/uploads\/2022\/11\/whatsapp-qr-code.webp\"><img loading=\"lazy\" decoding=\"async\" width=\"500\" height=\"500\" src=\"https:\/\/www.phuket-languageschool.com\/anti\/wp-content\/uploads\/2022\/11\/whatsapp-qr-code.webp\" alt=\"\" class=\"wp-image-15120\" style=\"object-fit:cover;width:250px;height:250px\" srcset=\"https:\/\/www.phuket-languageschool.com\/anti\/wp-content\/uploads\/2022\/11\/whatsapp-qr-code.webp 500w, https:\/\/www.phuket-languageschool.com\/anti\/wp-content\/uploads\/2022\/11\/whatsapp-qr-code-300x300.webp 300w, https:\/\/www.phuket-languageschool.com\/anti\/wp-content\/uploads\/2022\/11\/whatsapp-qr-code-150x150.webp 150w\" sizes=\"auto, (max-width: 500px) 100vw, 500px\" \/><\/a><\/figure>\n\n\n\n<p>095 017 33 44<\/p>\n<\/div>\n\n\n\n<div class=\"wp-block-column is-layout-flow wp-block-column-is-layout-flow\">\n<h4 class=\"wp-block-heading\" id=\"line\">Line<\/h4>\n\n\n\n<figure class=\"wp-block-image size-full is-resized\"><a href=\"https:\/\/www.phuket-languageschool.com\/anti\/wp-content\/uploads\/2022\/11\/line-qr-code.webp\"><img loading=\"lazy\" decoding=\"async\" width=\"500\" height=\"500\" src=\"https:\/\/www.phuket-languageschool.com\/anti\/wp-content\/uploads\/2022\/11\/line-qr-code.webp\" alt=\"\" class=\"wp-image-15113\" style=\"object-fit:cover;width:250px;height:250px\" srcset=\"https:\/\/www.phuket-languageschool.com\/anti\/wp-content\/uploads\/2022\/11\/line-qr-code.webp 500w, https:\/\/www.phuket-languageschool.com\/anti\/wp-content\/uploads\/2022\/11\/line-qr-code-300x300.webp 300w, https:\/\/www.phuket-languageschool.com\/anti\/wp-content\/uploads\/2022\/11\/line-qr-code-150x150.webp 150w\" sizes=\"auto, (max-width: 500px) 100vw, 500px\" \/><\/a><\/figure>\n\n\n\n<p>@729wlwml<\/p>\n<\/div>\n<\/div>\n\n\n\n<hr class=\"wp-block-separator has-text-color has-neve-link-color-color has-css-opacity has-neve-link-color-background-color has-background is-style-default\"\/>\n\n\n\n<h3 class=\"wp-block-heading\" id=\"map-navigation\">Endere\u00e7o, mapa e navega\u00e7\u00e3o<\/h3>\n\n\n\n<div class=\"wp-block-columns is-layout-flex wp-container-core-columns-is-layout-9d6595d7 wp-block-columns-is-layout-flex\">\n<div class=\"wp-block-column is-layout-flow wp-block-column-is-layout-flow\">\n<p>Patong Language School<br>248 Prametta Road<br>Patong Beach<br>Phuket 83150<br>Thailand<\/p>\n<\/div>\n\n\n\n<div class=\"wp-block-column is-layout-flow wp-block-column-is-layout-flow\"><div class=\"wp-block-image is-resized\">\n<figure class=\"alignleft size-full\"><a href=\"https:\/\/maps.app.goo.gl\/r8XtAmhaqWCZWVki6\" target=\"_blank\" rel=\"noopener\"><img loading=\"lazy\" decoding=\"async\" width=\"150\" height=\"150\" src=\"https:\/\/www.phuket-languageschool.com\/anti\/wp-content\/uploads\/2022\/01\/pluscode.png\" alt=\"\" class=\"wp-image-13957\" style=\"object-fit:cover;width:50px;height:50px\"\/><\/a><\/figure>\n<\/div>\n\n\n<h4 class=\"wp-block-heading\" id=\"google-maps\">Google Maps<\/h4>\n\n\n\n<p><a href=\"https:\/\/maps.app.goo.gl\/r8XtAmhaqWCZWVki6\" target=\"_blank\" rel=\"noreferrer noopener\">W823+QX<\/a><\/p>\n<\/div>\n\n\n\n<div class=\"wp-block-column is-layout-flow wp-block-column-is-layout-flow\"><div class=\"wp-block-image is-resized\">\n<figure class=\"alignleft size-full\"><a href=\"https:\/\/what3words.com\/genders.archways.embankment\" target=\"_blank\" rel=\"noopener\"><img loading=\"lazy\" decoding=\"async\" width=\"150\" height=\"150\" src=\"https:\/\/www.phuket-languageschool.com\/anti\/wp-content\/uploads\/2022\/01\/what3words.png\" alt=\"\" class=\"wp-image-13962\" style=\"object-fit:cover;width:50px;height:50px\"\/><\/a><\/figure>\n<\/div>\n\n\n<h4 class=\"wp-block-heading\" id=\"what3words\">what3words<\/h4>\n\n\n\n<p><a href=\"https:\/\/what3words.com\/genders.archways.embankment\" target=\"_blank\" rel=\"noreferrer noopener\">genders.archway.embankment<\/a><\/p>\n<\/div>\n<\/div>\n\n\n\n\n\n<hr class=\"wp-block-separator has-text-color has-neve-link-color-color has-css-opacity has-neve-link-color-background-color has-background is-style-default\"\/>\n\n\n\n<p class=\"has-text-align-center\">A Patong Language School \u00e9 aprovada e registrada pelo Minist\u00e9rio da Educa\u00e7\u00e3o da Tail\u00e2ndia &#8211; Licen\u00e7a escolar no. PK1\/2533<\/p>\n","protected":false},"excerpt":{"rendered":"<p>entre em contato conosco na Patong Language School clique aqui para um formul\u00e1rio de consulta hor\u00e1rio de expediente Seg a Sex 9h \u00e0s 18h.S\u00e1bado das 9h \u00e0s 16h.Domingo fechado Telefone +66 95 017 33 44+66 76 34 03 73 o email patonglanguageschool.info@gmail.com FaceBook PhuketLanguageSchool WhatsApp 095 017 33 44 Line @729wlwml Endere\u00e7o, mapa e navega\u00e7\u00e3o&hellip;&nbsp;<a href=\"https:\/\/www.phuket-languageschool.com\/pt-br\/como-entrar-em-contato-conosco-na-patong-language-school\/\" rel=\"bookmark\">Read More &raquo;<span class=\"screen-reader-text\">como entrar em contato conosco na Patong Language School<\/span><\/a><\/p>\n","protected":false},"author":8,"featured_media":0,"parent":0,"menu_order":3,"comment_status":"closed","ping_status":"closed","template":"","meta":{"neve_meta_sidebar":"","neve_meta_container":"","neve_meta_enable_content_width":"","neve_meta_content_width":0,"neve_meta_title_alignment":"","neve_meta_author_avatar":"","neve_post_elements_order":"","neve_meta_disable_header":"","neve_meta_disable_footer":"","neve_meta_disable_title":"","footnotes":""},"class_list":["post-28085","page","type-page","status-publish","hentry"],"_links":{"self":[{"href":"https:\/\/www.phuket-languageschool.com\/pt-br\/wp-json\/wp\/v2\/pages\/28085","targetHints":{"allow":["GET"]}}],"collection":[{"href":"https:\/\/www.phuket-languageschool.com\/pt-br\/wp-json\/wp\/v2\/pages"}],"about":[{"href":"https:\/\/www.phuket-languageschool.com\/pt-br\/wp-json\/wp\/v2\/types\/page"}],"author":[{"embeddable":true,"href":"https:\/\/www.phuket-languageschool.com\/pt-br\/wp-json\/wp\/v2\/users\/8"}],"replies":[{"embeddable":true,"href":"https:\/\/www.phuket-languageschool.com\/pt-br\/wp-json\/wp\/v2\/comments?post=28085"}],"version-history":[{"count":8,"href":"https:\/\/www.phuket-languageschool.com\/pt-br\/wp-json\/wp\/v2\/pages\/28085\/revisions"}],"predecessor-version":[{"id":28637,"href":"https:\/\/www.phuket-languageschool.com\/pt-br\/wp-json\/wp\/v2\/pages\/28085\/revisions\/28637"}],"wp:attachment":[{"href":"https:\/\/www.phuket-languageschool.com\/pt-br\/wp-json\/wp\/v2\/media?parent=28085"}],"curies":[{"name":"wp","href":"https:\/\/api.w.org\/{rel}","templated":true}]}}