{"id":28088,"date":"2022-11-21T09:52:11","date_gmt":"2022-11-21T02:52:11","guid":{"rendered":"https:\/\/www.phuket-languageschool.com\/?page_id=28088"},"modified":"2024-05-11T11:46:11","modified_gmt":"2024-05-11T04:46:11","slug":"envie-nos-sua-pergunta","status":"publish","type":"page","link":"https:\/\/www.phuket-languageschool.com\/pt-br\/como-entrar-em-contato-conosco-na-patong-language-school\/envie-nos-sua-pergunta\/","title":{"rendered":"envie-nos sua pergunta"},"content":{"rendered":"\n<h1 class=\"has-text-align-center has-neve-link-color-color has-text-color wp-block-heading\">Formul\u00e1rio de consulta<\/h1>\n\n\n\n<p class=\"has-text-align-center\">Tem d\u00favidas sobre nossa escola ou cursos de idiomas e n\u00e3o consegue encontrar a resposta em nosso site?<\/p>\n\n\n\n<p class=\"has-text-align-center\">Por favor, preencha o formul\u00e1rio abaixo &#8211; entraremos em contato com voc\u00ea o mais r\u00e1pido poss\u00edvel!<\/p>\n\n\n\n<iframe loading=\"lazy\" src=\"https:\/\/docs.google.com\/forms\/d\/e\/1FAIpQLSeHerRtaxaNyWPjxpJT8qCFYBoTLxlHK9MoMB2w0bAiBdrpQQ\/viewform?embedded=true\" width=\"100%\" height=\"1100 frameborder=\"0\" marginheight=\"0\" marginwidth=\"0\">Loading\u2026<\/iframe>\n","protected":false},"excerpt":{"rendered":"<p>Formul\u00e1rio de consulta Tem d\u00favidas sobre nossa escola ou cursos de idiomas e n\u00e3o consegue encontrar a resposta em nosso site? Por favor, preencha o formul\u00e1rio abaixo &#8211; entraremos em contato com voc\u00ea o mais r\u00e1pido poss\u00edvel!<\/p>\n","protected":false},"author":8,"featured_media":0,"parent":28085,"menu_order":0,"comment_status":"closed","ping_status":"closed","template":"","meta":{"neve_meta_sidebar":"","neve_meta_container":"","neve_meta_enable_content_width":"","neve_meta_content_width":0,"neve_meta_title_alignment":"","neve_meta_author_avatar":"","neve_post_elements_order":"","neve_meta_disable_header":"","neve_meta_disable_footer":"","neve_meta_disable_title":"","footnotes":""},"class_list":["post-28088","page","type-page","status-publish","hentry"],"_links":{"self":[{"href":"https:\/\/www.phuket-languageschool.com\/pt-br\/wp-json\/wp\/v2\/pages\/28088","targetHints":{"allow":["GET"]}}],"collection":[{"href":"https:\/\/www.phuket-languageschool.com\/pt-br\/wp-json\/wp\/v2\/pages"}],"about":[{"href":"https:\/\/www.phuket-languageschool.com\/pt-br\/wp-json\/wp\/v2\/types\/page"}],"author":[{"embeddable":true,"href":"https:\/\/www.phuket-languageschool.com\/pt-br\/wp-json\/wp\/v2\/users\/8"}],"replies":[{"embeddable":true,"href":"https:\/\/www.phuket-languageschool.com\/pt-br\/wp-json\/wp\/v2\/comments?post=28088"}],"version-history":[{"count":1,"href":"https:\/\/www.phuket-languageschool.com\/pt-br\/wp-json\/wp\/v2\/pages\/28088\/revisions"}],"predecessor-version":[{"id":28089,"href":"https:\/\/www.phuket-languageschool.com\/pt-br\/wp-json\/wp\/v2\/pages\/28088\/revisions\/28089"}],"up":[{"embeddable":true,"href":"https:\/\/www.phuket-languageschool.com\/pt-br\/wp-json\/wp\/v2\/pages\/28085"}],"wp:attachment":[{"href":"https:\/\/www.phuket-languageschool.com\/pt-br\/wp-json\/wp\/v2\/media?parent=28088"}],"curies":[{"name":"wp","href":"https:\/\/api.w.org\/{rel}","templated":true}]}}